{"id":1990,"date":"2025-04-28T04:21:36","date_gmt":"2025-04-28T04:21:36","guid":{"rendered":"https:\/\/kaicollection.info\/?page_id=1990"},"modified":"2025-04-28T04:33:08","modified_gmt":"2025-04-28T04:33:08","slug":"politica","status":"publish","type":"page","link":"https:\/\/kaicollection.info\/en\/politica\/","title":{"rendered":"Pol\u00edtica de Privacidad"},"content":{"rendered":"<div data-elementor-type=\"wp-page\" data-elementor-id=\"1990\" class=\"elementor elementor-1990\" data-elementor-settings=\"{&quot;element_pack_global_tooltip_width&quot;:{&quot;unit&quot;:&quot;px&quot;,&quot;size&quot;:&quot;&quot;,&quot;sizes&quot;:[]},&quot;element_pack_global_tooltip_width_tablet&quot;:{&quot;unit&quot;:&quot;px&quot;,&quot;size&quot;:&quot;&quot;,&quot;sizes&quot;:[]},&quot;element_pack_global_tooltip_width_mobile&quot;:{&quot;unit&quot;:&quot;px&quot;,&quot;size&quot;:&quot;&quot;,&quot;sizes&quot;:[]},&quot;element_pack_global_tooltip_padding&quot;:{&quot;unit&quot;:&quot;px&quot;,&quot;top&quot;:&quot;&quot;,&quot;right&quot;:&quot;&quot;,&quot;bottom&quot;:&quot;&quot;,&quot;left&quot;:&quot;&quot;,&quot;isLinked&quot;:true},&quot;element_pack_global_tooltip_padding_tablet&quot;:{&quot;unit&quot;:&quot;px&quot;,&quot;top&quot;:&quot;&quot;,&quot;right&quot;:&quot;&quot;,&quot;bottom&quot;:&quot;&quot;,&quot;left&quot;:&quot;&quot;,&quot;isLinked&quot;:true},&quot;element_pack_global_tooltip_padding_mobile&quot;:{&quot;unit&quot;:&quot;px&quot;,&quot;top&quot;:&quot;&quot;,&quot;right&quot;:&quot;&quot;,&quot;bottom&quot;:&quot;&quot;,&quot;left&quot;:&quot;&quot;,&quot;isLinked&quot;:true},&quot;element_pack_global_tooltip_border_radius&quot;:{&quot;unit&quot;:&quot;px&quot;,&quot;top&quot;:&quot;&quot;,&quot;right&quot;:&quot;&quot;,&quot;bottom&quot;:&quot;&quot;,&quot;left&quot;:&quot;&quot;,&quot;isLinked&quot;:true},&quot;element_pack_global_tooltip_border_radius_tablet&quot;:{&quot;unit&quot;:&quot;px&quot;,&quot;top&quot;:&quot;&quot;,&quot;right&quot;:&quot;&quot;,&quot;bottom&quot;:&quot;&quot;,&quot;left&quot;:&quot;&quot;,&quot;isLinked&quot;:true},&quot;element_pack_global_tooltip_border_radius_mobile&quot;:{&quot;unit&quot;:&quot;px&quot;,&quot;top&quot;:&quot;&quot;,&quot;right&quot;:&quot;&quot;,&quot;bottom&quot;:&quot;&quot;,&quot;left&quot;:&quot;&quot;,&quot;isLinked&quot;:true}}\" data-elementor-post-type=\"page\">\n\t\t\t\t<div class=\"elementor-element elementor-element-5690865 e-flex e-con-boxed e-con e-parent\" data-id=\"5690865\" data-element_type=\"container\" data-e-type=\"container\" data-settings=\"{&quot;background_background&quot;:&quot;classic&quot;}\">\n\t\t\t\t\t<div class=\"e-con-inner\">\n\t\t<div class=\"elementor-element elementor-element-b80b3dd e-con-full e-flex e-con e-child\" data-id=\"b80b3dd\" data-element_type=\"container\" data-e-type=\"container\">\n\t\t\t\t<div class=\"elementor-element elementor-element-8d2f900 elementor-widget elementor-widget-heading\" data-id=\"8d2f900\" data-element_type=\"widget\" data-e-type=\"widget\" data-widget_type=\"heading.default\">\n\t\t\t\t<div class=\"elementor-widget-container\">\n\t\t\t\t\t<h2 class=\"elementor-heading-title elementor-size-default\">Kia Collection - POLITICA DE PRIVACIDAD<\/h2>\t\t\t\t<\/div>\n\t\t\t\t<\/div>\n\t\t\t\t<div class=\"elementor-element elementor-element-afa4f7a premium-type-column elementor-widget elementor-widget-premium-icon-list\" data-id=\"afa4f7a\" data-element_type=\"widget\" data-e-type=\"widget\" data-settings=\"{&quot;rbadges_repeater&quot;:[]}\" data-widget_type=\"premium-icon-list.default\">\n\t\t\t\t<div class=\"elementor-widget-container\">\n\t\t\t\t\t\t\t\t<ul class=\"premium-bullet-list-box\">\n\t\t\t\t\n\t\t\t\t\t\t\t<li class=\"premium-bullet-list-content elementor-repeater-item-9183f03\">\n\t\t\t\t\t\t\t\t<div class=\"premium-bullet-list-text\">\n\t\t\t\t\t\t\t\t\t\t\t\t\t\t\t\t\t\t\t<div class=\"premium-bullet-list-wrapper\">\n\t\t\t\t\t\t\t\t\t\t\t<div class=\"premium-drawable-icon\"><\/div>\t\t\t\t\t\t\t\t\t\t\t<\/div>\n\t\t\t\t\t\t\t\t\t\n\t\t\t\t\t\t\t\t\t<div class=\"premium-bullet-list-text-wrapper\">\n\t\t\t\t\t\t\t\t\t\t<span class=\"premium-bullet-text\" data-text=\"\u00daltima actualizaci\u00f3n:\"> \u00daltima actualizaci\u00f3n: <\/span>\t\t\t\t\t\t\t\t\t\t\t\t\t\t\t\t\t\t\t<\/div>\n\t\t\t\t\t\t\t\t<\/div>\n\n\t\t\t\t\t\t\t\t\t\t\t\t\t\t\t\t\t<div class=\"premium-bullet-list-badge\">\n\t\t\t\t\t\t\t\t\t\t<span >\n\t\t\t\t\t\t\t\t\t\t\t27 de abril de 2024\t\t\t\t\t\t\t\t\t\t<\/span>\n\t\t\t\t\t\t\t\t\t<\/div>\n\t\t\t\t\t\t\t\t\n\t\t\t\t\t\t\t\t\n\t\t\t\t\t\t\t<\/li>\n\n\t\t\t\t\t\t\t\t\t\t<\/ul>\n\t\t\t\t\t\t<\/div>\n\t\t\t\t<\/div>\n\t\t\t\t<\/div>\n\t\t<div class=\"elementor-element elementor-element-fe52b42 e-con-full e-flex e-con e-child\" data-id=\"fe52b42\" data-element_type=\"container\" data-e-type=\"container\">\n\t\t\t\t<div class=\"elementor-element elementor-element-7e75a9e elementor-widget elementor-widget-text-editor\" data-id=\"7e75a9e\" data-element_type=\"widget\" data-e-type=\"widget\" data-widget_type=\"text-editor.default\">\n\t\t\t\t<div class=\"elementor-widget-container\">\n\t\t\t\t\t\t\t\t\t<h3 data-start=\"750\" data-end=\"783\">1. Informaci\u00f3n que recopilamos<\/h3><p class=\"\" data-start=\"784\" data-end=\"867\">Cuando interact\u00faa con <strong data-start=\"806\" data-end=\"832\"><a class=\"\" href=\"https:\/\/kaicollection.info\/en\/\" target=\"_new\" rel=\"noopener\" data-start=\"808\" data-end=\"830\">www.kaicollection.info<\/a><\/strong>, recopilamos los siguientes datos:<\/p><ul data-start=\"869\" data-end=\"1175\"><li class=\"\" data-start=\"869\" data-end=\"943\"><p class=\"\" data-start=\"871\" data-end=\"943\">Datos de identificaci\u00f3n: nombre, correo electr\u00f3nico, n\u00famero de tel\u00e9fono.<\/p><\/li><li class=\"\" data-start=\"944\" data-end=\"1012\"><p class=\"\" data-start=\"946\" data-end=\"1012\">Informaci\u00f3n de facturaci\u00f3n: m\u00e9todos de pago, historial de compras.<\/p><\/li><li class=\"\" data-start=\"1013\" data-end=\"1102\"><p class=\"\" data-start=\"1015\" data-end=\"1102\">Informaci\u00f3n t\u00e9cnica: direcci\u00f3n IP, navegador, sistema operativo, actividad en el sitio.<\/p><\/li><li class=\"\" data-start=\"1103\" data-end=\"1175\"><p class=\"\" data-start=\"1105\" data-end=\"1175\">Contenido del cliente: consultas, mensajes enviados a nuestro soporte.<\/p><\/li><\/ul><h3 data-start=\"1177\" data-end=\"1215\">2. \u00bfC\u00f3mo utilizamos su informaci\u00f3n?<\/h3><p class=\"\" data-start=\"1216\" data-end=\"1243\">Usamos su informaci\u00f3n para:<\/p><ul data-start=\"1245\" data-end=\"1504\"><li class=\"\" data-start=\"1245\" data-end=\"1304\"><p class=\"\" data-start=\"1247\" data-end=\"1304\">Procesar compras de cuentas, megapacks y cursos en l\u00ednea.<\/p><\/li><li class=\"\" data-start=\"1305\" data-end=\"1355\"><p class=\"\" data-start=\"1307\" data-end=\"1355\">Proporcionar soporte y asistencia personalizada.<\/p><\/li><li class=\"\" data-start=\"1356\" data-end=\"1404\"><p class=\"\" data-start=\"1358\" data-end=\"1404\">Mejorar y optimizar nuestro sitio y servicios.<\/p><\/li><li class=\"\" data-start=\"1405\" data-end=\"1504\"><p class=\"\" data-start=\"1407\" data-end=\"1504\">Enviar actualizaciones importantes, ofertas o comunicaciones comerciales (previo consentimiento).<\/p><\/li><\/ul><h3 data-start=\"1506\" data-end=\"1550\">3. \u00bfCon qui\u00e9n compartimos su informaci\u00f3n?<\/h3><p class=\"\" data-start=\"1551\" data-end=\"1641\">No vendemos ni alquilamos su informaci\u00f3n. Solo compartimos datos cuando es necesario para:<\/p><ul data-start=\"1643\" data-end=\"1784\"><li class=\"\" data-start=\"1643\" data-end=\"1695\"><p class=\"\" data-start=\"1645\" data-end=\"1695\">Procesar pagos (proveedores de pago certificados).<\/p><\/li><li class=\"\" data-start=\"1696\" data-end=\"1727\"><p class=\"\" data-start=\"1698\" data-end=\"1727\">Cumplir obligaciones legales.<\/p><\/li><li class=\"\" data-start=\"1728\" data-end=\"1784\"><p class=\"\" data-start=\"1730\" data-end=\"1784\">Proteger nuestros derechos legales en caso de disputa.<\/p><\/li><\/ul><h3 data-start=\"1786\" data-end=\"1819\">4. Seguridad de la informaci\u00f3n<\/h3><p class=\"\" data-start=\"1820\" data-end=\"1966\">Adoptamos medidas administrativas, t\u00e9cnicas y f\u00edsicas razonables para proteger su informaci\u00f3n contra p\u00e9rdida, uso indebido y acceso no autorizado.<\/p><h3 data-start=\"1968\" data-end=\"2005\">5. Cookies y tecnolog\u00edas similares<\/h3><p class=\"\" data-start=\"2006\" data-end=\"2041\">Nuestro sitio utiliza cookies para:<\/p><ul data-start=\"2043\" data-end=\"2142\"><li class=\"\" data-start=\"2043\" data-end=\"2082\"><p class=\"\" data-start=\"2045\" data-end=\"2082\">Mejorar su experiencia de navegaci\u00f3n.<\/p><\/li><li class=\"\" data-start=\"2083\" data-end=\"2106\"><p class=\"\" data-start=\"2085\" data-end=\"2106\">Analizar tr\u00e1fico web.<\/p><\/li><li class=\"\" data-start=\"2107\" data-end=\"2142\"><p class=\"\" data-start=\"2109\" data-end=\"2142\">Recordar preferencias de usuario.<\/p><\/li><\/ul><p class=\"\" data-start=\"2144\" data-end=\"2252\">Puede configurar su navegador para rechazar cookies, aunque esto podr\u00eda afectar algunas funciones del sitio.<\/p><h3 data-start=\"2254\" data-end=\"2284\">6. Derechos de los usuarios<\/h3><p class=\"\" data-start=\"2285\" data-end=\"2297\">Usted puede:<\/p><ul data-start=\"2299\" data-end=\"2436\"><li class=\"\" data-start=\"2299\" data-end=\"2368\"><p class=\"\" data-start=\"2301\" data-end=\"2368\">Solicitar acceso, correcci\u00f3n o eliminaci\u00f3n de sus datos personales.<\/p><\/li><li class=\"\" data-start=\"2369\" data-end=\"2436\"><p class=\"\" data-start=\"2371\" data-end=\"2436\">Retirar su consentimiento para el marketing en cualquier momento.<\/p><\/li><\/ul><p class=\"\" data-start=\"2438\" data-end=\"2511\">Para ejercer estos derechos, escr\u00edbanos a <strong data-start=\"2480\" data-end=\"2510\"><a rel=\"noopener\" data-start=\"2482\" data-end=\"2508\">soporte@kaicollection.info<\/a><\/strong>.<\/p><p>7. Cambios a esta pol\u00edtica<\/p><p class=\"\" data-start=\"2543\" data-end=\"2657\">Podemos actualizar esta pol\u00edtica ocasionalmente. Los cambios importantes ser\u00e1n notificados a trav\u00e9s del sitio web.<\/p><h3 data-start=\"2659\" data-end=\"2673\">8. Contacto<\/h3><p class=\"\" data-start=\"2674\" data-end=\"2787\">Para cualquier duda o consulta sobre nuestra Pol\u00edtica de Privacidad, cont\u00e1ctenos:<br data-start=\"2755\" data-end=\"2758\" \/>\u2709\ufe0f <a rel=\"noopener\" data-start=\"2761\" data-end=\"2787\">soporte@kaicollection.info<\/a><\/p><hr class=\"\" data-start=\"5244\" data-end=\"5247\" \/><p data-start=\"2674\" data-end=\"2787\">\u00a0<\/p>\t\t\t\t\t\t\t\t<\/div>\n\t\t\t\t<\/div>\n\t\t\t\t<\/div>\n\t\t\t\t\t<\/div>\n\t\t\t\t<\/div>\n\t\t\t\t<\/div>","protected":false},"excerpt":{"rendered":"<p>Kia Collection &#8211; POLITICA DE PRIVACIDAD \u00daltima actualizaci\u00f3n: 27 de abril de 2024 1. Informaci\u00f3n que recopilamos Cuando interact\u00faa con [&hellip;]<\/p>","protected":false},"author":1,"featured_media":695,"parent":0,"menu_order":0,"comment_status":"closed","ping_status":"closed","template":"","meta":{"site-sidebar-layout":"no-sidebar","site-content-layout":"","ast-site-content-layout":"full-width-container","site-content-style":"default","site-sidebar-style":"default","ast-global-header-display":"","ast-banner-title-visibility":"","ast-main-header-display":"","ast-hfb-above-header-display":"","ast-hfb-below-header-display":"","ast-hfb-mobile-header-display":"","site-post-title":"disabled","ast-breadcrumbs-content":"","ast-featured-img":"disabled","footer-sml-layout":"","ast-disable-related-posts":"","theme-transparent-header-meta":"default","adv-header-id-meta":"","stick-header-meta":"","header-above-stick-meta":"","header-main-stick-meta":"","header-below-stick-meta":"","astra-migrate-meta-layouts":"set","ast-page-background-enabled":"default","ast-page-background-meta":{"desktop":{"background-color":"var(--ast-global-color-5)","background-image":"","background-repeat":"repeat","background-position":"center center","background-size":"auto","background-attachment":"scroll","background-type":"","background-media":"","overlay-type":"","overlay-color":"","overlay-opacity":"","overlay-gradient":""},"tablet":{"background-color":"","background-image":"","background-repeat":"repeat","background-position":"center center","background-size":"auto","background-attachment":"scroll","background-type":"","background-media":"","overlay-type":"","overlay-color":"","overlay-opacity":"","overlay-gradient":""},"mobile":{"background-color":"","background-image":"","background-repeat":"repeat","background-position":"center center","background-size":"auto","background-attachment":"scroll","background-type":"","background-media":"","overlay-type":"","overlay-color":"","overlay-opacity":"","overlay-gradient":""}},"ast-content-background-meta":{"desktop":{"background-color":"var(--ast-global-color-4)","background-image":"","background-repeat":"repeat","background-position":"center center","background-size":"auto","background-attachment":"scroll","background-type":"","background-media":"","overlay-type":"","overlay-color":"","overlay-opacity":"","overlay-gradient":""},"tablet":{"background-color":"var(--ast-global-color-4)","background-image":"","background-repeat":"repeat","background-position":"center center","background-size":"auto","background-attachment":"scroll","background-type":"","background-media":"","overlay-type":"","overlay-color":"","overlay-opacity":"","overlay-gradient":""},"mobile":{"background-color":"var(--ast-global-color-4)","background-image":"","background-repeat":"repeat","background-position":"center center","background-size":"auto","background-attachment":"scroll","background-type":"","background-media":"","overlay-type":"","overlay-color":"","overlay-opacity":"","overlay-gradient":""}},"footnotes":""},"class_list":["post-1990","page","type-page","status-publish","has-post-thumbnail","hentry"],"yoast_head":"<!-- This site is optimized with the Yoast SEO Premium plugin v21.8 (Yoast SEO v27.4) - https:\/\/yoast.com\/product\/yoast-seo-premium-wordpress\/ -->\n<title>Pol\u00edtica de Privacidad - kaicollection.info<\/title>\n<meta name=\"description\" content=\"Descubre c\u00f3mo Kai Collection protege tu informaci\u00f3n personal. Nos comprometemos a ofrecerte un servicio seguro y transparente en la venta de cuentas, megapacks y cursos online. Conoce m\u00e1s en www.kaicollection.info.\" \/>\n<meta name=\"robots\" content=\"index, follow, max-snippet:-1, max-image-preview:large, max-video-preview:-1\" \/>\n<link rel=\"canonical\" href=\"https:\/\/kaicollection.info\/en\/politica\/\" \/>\n<meta property=\"og:locale\" content=\"en_US\" \/>\n<meta property=\"og:type\" content=\"article\" \/>\n<meta property=\"og:title\" content=\"Pol\u00edtica de Privacidad\" \/>\n<meta property=\"og:description\" content=\"Descubre c\u00f3mo Kai Collection protege tu informaci\u00f3n personal. Nos comprometemos a ofrecerte un servicio seguro y transparente en la venta de cuentas, megapacks y cursos online. Conoce m\u00e1s en www.kaicollection.info.\" \/>\n<meta property=\"og:url\" content=\"https:\/\/kaicollection.info\/en\/politica\/\" \/>\n<meta property=\"og:site_name\" content=\"kaicollection.info\" \/>\n<meta property=\"article:modified_time\" content=\"2025-04-28T04:33:08+00:00\" \/>\n<meta property=\"og:image\" content=\"https:\/\/kaicollection.info\/wp-content\/uploads\/2025\/04\/Logo_kaicollection.png\" \/>\n\t<meta property=\"og:image:width\" content=\"500\" \/>\n\t<meta property=\"og:image:height\" content=\"500\" \/>\n\t<meta property=\"og:image:type\" content=\"image\/png\" \/>\n<meta name=\"twitter:card\" content=\"summary_large_image\" \/>\n<meta name=\"twitter:label1\" content=\"Est. reading time\" \/>\n\t<meta name=\"twitter:data1\" content=\"2 minutes\" \/>\n<script type=\"application\/ld+json\" class=\"yoast-schema-graph\">{\"@context\":\"https:\\\/\\\/schema.org\",\"@graph\":[{\"@type\":\"WebPage\",\"@id\":\"https:\\\/\\\/kaicollection.info\\\/politica\\\/\",\"url\":\"https:\\\/\\\/kaicollection.info\\\/politica\\\/\",\"name\":\"Pol\u00edtica de Privacidad - kaicollection.info\",\"isPartOf\":{\"@id\":\"https:\\\/\\\/kaicollection.info\\\/#website\"},\"primaryImageOfPage\":{\"@id\":\"https:\\\/\\\/kaicollection.info\\\/politica\\\/#primaryimage\"},\"image\":{\"@id\":\"https:\\\/\\\/kaicollection.info\\\/politica\\\/#primaryimage\"},\"thumbnailUrl\":\"https:\\\/\\\/kaicollection.info\\\/wp-content\\\/uploads\\\/2025\\\/04\\\/Logo_kaicollection.png\",\"datePublished\":\"2025-04-28T04:21:36+00:00\",\"dateModified\":\"2025-04-28T04:33:08+00:00\",\"description\":\"Descubre c\u00f3mo Kai Collection protege tu informaci\u00f3n personal. Nos comprometemos a ofrecerte un servicio seguro y transparente en la venta de cuentas, megapacks y cursos online. Conoce m\u00e1s en www.kaicollection.info.\",\"breadcrumb\":{\"@id\":\"https:\\\/\\\/kaicollection.info\\\/politica\\\/#breadcrumb\"},\"inLanguage\":\"en-US\",\"potentialAction\":[{\"@type\":\"ReadAction\",\"target\":[\"https:\\\/\\\/kaicollection.info\\\/politica\\\/\"]}]},{\"@type\":\"ImageObject\",\"inLanguage\":\"en-US\",\"@id\":\"https:\\\/\\\/kaicollection.info\\\/politica\\\/#primaryimage\",\"url\":\"https:\\\/\\\/kaicollection.info\\\/wp-content\\\/uploads\\\/2025\\\/04\\\/Logo_kaicollection.png\",\"contentUrl\":\"https:\\\/\\\/kaicollection.info\\\/wp-content\\\/uploads\\\/2025\\\/04\\\/Logo_kaicollection.png\",\"width\":500,\"height\":500},{\"@type\":\"BreadcrumbList\",\"@id\":\"https:\\\/\\\/kaicollection.info\\\/politica\\\/#breadcrumb\",\"itemListElement\":[{\"@type\":\"ListItem\",\"position\":1,\"name\":\"Home\",\"item\":\"https:\\\/\\\/kaicollection.info\\\/\"},{\"@type\":\"ListItem\",\"position\":2,\"name\":\"Pol\u00edtica de Privacidad\"}]},{\"@type\":\"WebSite\",\"@id\":\"https:\\\/\\\/kaicollection.info\\\/#website\",\"url\":\"https:\\\/\\\/kaicollection.info\\\/\",\"name\":\"kaicollection.info\",\"description\":\"\",\"publisher\":{\"@id\":\"https:\\\/\\\/kaicollection.info\\\/#organization\"},\"potentialAction\":[{\"@type\":\"SearchAction\",\"target\":{\"@type\":\"EntryPoint\",\"urlTemplate\":\"https:\\\/\\\/kaicollection.info\\\/?s={search_term_string}\"},\"query-input\":{\"@type\":\"PropertyValueSpecification\",\"valueRequired\":true,\"valueName\":\"search_term_string\"}}],\"inLanguage\":\"en-US\"},{\"@type\":\"Organization\",\"@id\":\"https:\\\/\\\/kaicollection.info\\\/#organization\",\"name\":\"kaicollection.info\",\"url\":\"https:\\\/\\\/kaicollection.info\\\/\",\"logo\":{\"@type\":\"ImageObject\",\"inLanguage\":\"en-US\",\"@id\":\"https:\\\/\\\/kaicollection.info\\\/#\\\/schema\\\/logo\\\/image\\\/\",\"url\":\"https:\\\/\\\/kaicollection.info\\\/wp-content\\\/uploads\\\/2025\\\/01\\\/Diseno-sin-titulo-31.png\",\"contentUrl\":\"https:\\\/\\\/kaicollection.info\\\/wp-content\\\/uploads\\\/2025\\\/01\\\/Diseno-sin-titulo-31.png\",\"width\":2440,\"height\":1397,\"caption\":\"kaicollection.info\"},\"image\":{\"@id\":\"https:\\\/\\\/kaicollection.info\\\/#\\\/schema\\\/logo\\\/image\\\/\"}}]}<\/script>\n<!-- \/ Yoast SEO Premium plugin. -->","yoast_head_json":{"title":"Pol\u00edtica de Privacidad - kaicollection.info","description":"Descubre c\u00f3mo Kai Collection protege tu informaci\u00f3n personal. Nos comprometemos a ofrecerte un servicio seguro y transparente en la venta de cuentas, megapacks y cursos online. Conoce m\u00e1s en www.kaicollection.info.","robots":{"index":"index","follow":"follow","max-snippet":"max-snippet:-1","max-image-preview":"max-image-preview:large","max-video-preview":"max-video-preview:-1"},"canonical":"https:\/\/kaicollection.info\/en\/politica\/","og_locale":"en_US","og_type":"article","og_title":"Pol\u00edtica de Privacidad","og_description":"Descubre c\u00f3mo Kai Collection protege tu informaci\u00f3n personal. Nos comprometemos a ofrecerte un servicio seguro y transparente en la venta de cuentas, megapacks y cursos online. Conoce m\u00e1s en www.kaicollection.info.","og_url":"https:\/\/kaicollection.info\/en\/politica\/","og_site_name":"kaicollection.info","article_modified_time":"2025-04-28T04:33:08+00:00","og_image":[{"width":500,"height":500,"url":"https:\/\/kaicollection.info\/wp-content\/uploads\/2025\/04\/Logo_kaicollection.png","type":"image\/png"}],"twitter_card":"summary_large_image","twitter_misc":{"Est. reading time":"2 minutes"},"schema":{"@context":"https:\/\/schema.org","@graph":[{"@type":"WebPage","@id":"https:\/\/kaicollection.info\/politica\/","url":"https:\/\/kaicollection.info\/politica\/","name":"Pol\u00edtica de Privacidad - kaicollection.info","isPartOf":{"@id":"https:\/\/kaicollection.info\/#website"},"primaryImageOfPage":{"@id":"https:\/\/kaicollection.info\/politica\/#primaryimage"},"image":{"@id":"https:\/\/kaicollection.info\/politica\/#primaryimage"},"thumbnailUrl":"https:\/\/kaicollection.info\/wp-content\/uploads\/2025\/04\/Logo_kaicollection.png","datePublished":"2025-04-28T04:21:36+00:00","dateModified":"2025-04-28T04:33:08+00:00","description":"Descubre c\u00f3mo Kai Collection protege tu informaci\u00f3n personal. Nos comprometemos a ofrecerte un servicio seguro y transparente en la venta de cuentas, megapacks y cursos online. Conoce m\u00e1s en www.kaicollection.info.","breadcrumb":{"@id":"https:\/\/kaicollection.info\/politica\/#breadcrumb"},"inLanguage":"en-US","potentialAction":[{"@type":"ReadAction","target":["https:\/\/kaicollection.info\/politica\/"]}]},{"@type":"ImageObject","inLanguage":"en-US","@id":"https:\/\/kaicollection.info\/politica\/#primaryimage","url":"https:\/\/kaicollection.info\/wp-content\/uploads\/2025\/04\/Logo_kaicollection.png","contentUrl":"https:\/\/kaicollection.info\/wp-content\/uploads\/2025\/04\/Logo_kaicollection.png","width":500,"height":500},{"@type":"BreadcrumbList","@id":"https:\/\/kaicollection.info\/politica\/#breadcrumb","itemListElement":[{"@type":"ListItem","position":1,"name":"Home","item":"https:\/\/kaicollection.info\/"},{"@type":"ListItem","position":2,"name":"Pol\u00edtica de Privacidad"}]},{"@type":"WebSite","@id":"https:\/\/kaicollection.info\/#website","url":"https:\/\/kaicollection.info\/","name":"kaicollection.info","description":"","publisher":{"@id":"https:\/\/kaicollection.info\/#organization"},"potentialAction":[{"@type":"SearchAction","target":{"@type":"EntryPoint","urlTemplate":"https:\/\/kaicollection.info\/?s={search_term_string}"},"query-input":{"@type":"PropertyValueSpecification","valueRequired":true,"valueName":"search_term_string"}}],"inLanguage":"en-US"},{"@type":"Organization","@id":"https:\/\/kaicollection.info\/#organization","name":"kaicollection.info","url":"https:\/\/kaicollection.info\/","logo":{"@type":"ImageObject","inLanguage":"en-US","@id":"https:\/\/kaicollection.info\/#\/schema\/logo\/image\/","url":"https:\/\/kaicollection.info\/wp-content\/uploads\/2025\/01\/Diseno-sin-titulo-31.png","contentUrl":"https:\/\/kaicollection.info\/wp-content\/uploads\/2025\/01\/Diseno-sin-titulo-31.png","width":2440,"height":1397,"caption":"kaicollection.info"},"image":{"@id":"https:\/\/kaicollection.info\/#\/schema\/logo\/image\/"}}]}},"_links":{"self":[{"href":"https:\/\/kaicollection.info\/en\/wp-json\/wp\/v2\/pages\/1990","targetHints":{"allow":["GET"]}}],"collection":[{"href":"https:\/\/kaicollection.info\/en\/wp-json\/wp\/v2\/pages"}],"about":[{"href":"https:\/\/kaicollection.info\/en\/wp-json\/wp\/v2\/types\/page"}],"author":[{"embeddable":true,"href":"https:\/\/kaicollection.info\/en\/wp-json\/wp\/v2\/users\/1"}],"replies":[{"embeddable":true,"href":"https:\/\/kaicollection.info\/en\/wp-json\/wp\/v2\/comments?post=1990"}],"version-history":[{"count":0,"href":"https:\/\/kaicollection.info\/en\/wp-json\/wp\/v2\/pages\/1990\/revisions"}],"wp:featuredmedia":[{"embeddable":true,"href":"https:\/\/kaicollection.info\/en\/wp-json\/wp\/v2\/media\/695"}],"wp:attachment":[{"href":"https:\/\/kaicollection.info\/en\/wp-json\/wp\/v2\/media?parent=1990"}],"curies":[{"name":"wp","href":"https:\/\/api.w.org\/{rel}","templated":true}]}}