{"id":1998,"date":"2025-04-28T04:27:16","date_gmt":"2025-04-28T04:27:16","guid":{"rendered":"https:\/\/kaicollection.info\/?page_id=1998"},"modified":"2025-04-28T04:33:34","modified_gmt":"2025-04-28T04:33:34","slug":"terminos","status":"publish","type":"page","link":"https:\/\/kaicollection.info\/en\/terminos\/","title":{"rendered":"T\u00e9rminos y Condiciones"},"content":{"rendered":"<div data-elementor-type=\"wp-page\" data-elementor-id=\"1998\" class=\"elementor elementor-1998\" data-elementor-settings=\"{&quot;element_pack_global_tooltip_width&quot;:{&quot;unit&quot;:&quot;px&quot;,&quot;size&quot;:&quot;&quot;,&quot;sizes&quot;:[]},&quot;element_pack_global_tooltip_width_tablet&quot;:{&quot;unit&quot;:&quot;px&quot;,&quot;size&quot;:&quot;&quot;,&quot;sizes&quot;:[]},&quot;element_pack_global_tooltip_width_mobile&quot;:{&quot;unit&quot;:&quot;px&quot;,&quot;size&quot;:&quot;&quot;,&quot;sizes&quot;:[]},&quot;element_pack_global_tooltip_padding&quot;:{&quot;unit&quot;:&quot;px&quot;,&quot;top&quot;:&quot;&quot;,&quot;right&quot;:&quot;&quot;,&quot;bottom&quot;:&quot;&quot;,&quot;left&quot;:&quot;&quot;,&quot;isLinked&quot;:true},&quot;element_pack_global_tooltip_padding_tablet&quot;:{&quot;unit&quot;:&quot;px&quot;,&quot;top&quot;:&quot;&quot;,&quot;right&quot;:&quot;&quot;,&quot;bottom&quot;:&quot;&quot;,&quot;left&quot;:&quot;&quot;,&quot;isLinked&quot;:true},&quot;element_pack_global_tooltip_padding_mobile&quot;:{&quot;unit&quot;:&quot;px&quot;,&quot;top&quot;:&quot;&quot;,&quot;right&quot;:&quot;&quot;,&quot;bottom&quot;:&quot;&quot;,&quot;left&quot;:&quot;&quot;,&quot;isLinked&quot;:true},&quot;element_pack_global_tooltip_border_radius&quot;:{&quot;unit&quot;:&quot;px&quot;,&quot;top&quot;:&quot;&quot;,&quot;right&quot;:&quot;&quot;,&quot;bottom&quot;:&quot;&quot;,&quot;left&quot;:&quot;&quot;,&quot;isLinked&quot;:true},&quot;element_pack_global_tooltip_border_radius_tablet&quot;:{&quot;unit&quot;:&quot;px&quot;,&quot;top&quot;:&quot;&quot;,&quot;right&quot;:&quot;&quot;,&quot;bottom&quot;:&quot;&quot;,&quot;left&quot;:&quot;&quot;,&quot;isLinked&quot;:true},&quot;element_pack_global_tooltip_border_radius_mobile&quot;:{&quot;unit&quot;:&quot;px&quot;,&quot;top&quot;:&quot;&quot;,&quot;right&quot;:&quot;&quot;,&quot;bottom&quot;:&quot;&quot;,&quot;left&quot;:&quot;&quot;,&quot;isLinked&quot;:true}}\" data-elementor-post-type=\"page\">\n\t\t\t\t<div class=\"elementor-element elementor-element-5690865 e-flex e-con-boxed e-con e-parent\" data-id=\"5690865\" data-element_type=\"container\" data-e-type=\"container\" data-settings=\"{&quot;background_background&quot;:&quot;classic&quot;}\">\n\t\t\t\t\t<div class=\"e-con-inner\">\n\t\t<div class=\"elementor-element elementor-element-b80b3dd e-con-full e-flex e-con e-child\" data-id=\"b80b3dd\" data-element_type=\"container\" data-e-type=\"container\">\n\t\t\t\t<div class=\"elementor-element elementor-element-8d2f900 elementor-widget elementor-widget-heading\" data-id=\"8d2f900\" data-element_type=\"widget\" data-e-type=\"widget\" data-widget_type=\"heading.default\">\n\t\t\t\t<div class=\"elementor-widget-container\">\n\t\t\t\t\t<h2 class=\"elementor-heading-title elementor-size-default\">Kia Collection - T\u00c9RMINOS DE SERVICIO<\/h2>\t\t\t\t<\/div>\n\t\t\t\t<\/div>\n\t\t\t\t<div class=\"elementor-element elementor-element-afa4f7a premium-type-column elementor-widget elementor-widget-premium-icon-list\" data-id=\"afa4f7a\" data-element_type=\"widget\" data-e-type=\"widget\" data-settings=\"{&quot;rbadges_repeater&quot;:[]}\" data-widget_type=\"premium-icon-list.default\">\n\t\t\t\t<div class=\"elementor-widget-container\">\n\t\t\t\t\t\t\t\t<ul class=\"premium-bullet-list-box\">\n\t\t\t\t\n\t\t\t\t\t\t\t<li class=\"premium-bullet-list-content elementor-repeater-item-9183f03\">\n\t\t\t\t\t\t\t\t<div class=\"premium-bullet-list-text\">\n\t\t\t\t\t\t\t\t\t\t\t\t\t\t\t\t\t\t\t<div class=\"premium-bullet-list-wrapper\">\n\t\t\t\t\t\t\t\t\t\t\t<div class=\"premium-drawable-icon\"><\/div>\t\t\t\t\t\t\t\t\t\t\t<\/div>\n\t\t\t\t\t\t\t\t\t\n\t\t\t\t\t\t\t\t\t<div class=\"premium-bullet-list-text-wrapper\">\n\t\t\t\t\t\t\t\t\t\t<span class=\"premium-bullet-text\" data-text=\"\u00daltima actualizaci\u00f3n:\"> \u00daltima actualizaci\u00f3n: <\/span>\t\t\t\t\t\t\t\t\t\t\t\t\t\t\t\t\t\t\t<\/div>\n\t\t\t\t\t\t\t\t<\/div>\n\n\t\t\t\t\t\t\t\t\t\t\t\t\t\t\t\t\t<div class=\"premium-bullet-list-badge\">\n\t\t\t\t\t\t\t\t\t\t<span >\n\t\t\t\t\t\t\t\t\t\t\t27 de abril de 2024\t\t\t\t\t\t\t\t\t\t<\/span>\n\t\t\t\t\t\t\t\t\t<\/div>\n\t\t\t\t\t\t\t\t\n\t\t\t\t\t\t\t\t\n\t\t\t\t\t\t\t<\/li>\n\n\t\t\t\t\t\t\t\t\t\t<\/ul>\n\t\t\t\t\t\t<\/div>\n\t\t\t\t<\/div>\n\t\t\t\t<\/div>\n\t\t<div class=\"elementor-element elementor-element-fe52b42 e-con-full e-flex e-con e-child\" data-id=\"fe52b42\" data-element_type=\"container\" data-e-type=\"container\">\n\t\t\t\t<div class=\"elementor-element elementor-element-7e75a9e elementor-widget elementor-widget-text-editor\" data-id=\"7e75a9e\" data-element_type=\"widget\" data-e-type=\"widget\" data-widget_type=\"text-editor.default\">\n\t\t\t\t<div class=\"elementor-widget-container\">\n\t\t\t\t\t\t\t\t\t<p>Bienvenido a <strong data-start=\"2900\" data-end=\"2918\">Kai Collection<\/strong>. Al acceder y usar <strong data-start=\"2938\" data-end=\"2964\"><a class=\"\" href=\"https:\/\/kaicollection.info\/en\/\" target=\"_new\" rel=\"noopener\" data-start=\"2940\" data-end=\"2962\">www.kaicollection.info<\/a><\/strong> acepta estar sujeto a estos T\u00e9rminos de Servicio.<\/p><h2 class=\"\" data-start=\"3016\" data-end=\"3041\">1. Servicios ofrecidos<\/h2><p class=\"\" data-start=\"3042\" data-end=\"3068\"><strong data-start=\"3042\" data-end=\"3060\">Kai Collection<\/strong> ofrece:<\/p><ul data-start=\"3070\" data-end=\"3250\"><li class=\"\" data-start=\"3070\" data-end=\"3131\"><p class=\"\" data-start=\"3072\" data-end=\"3131\">Venta de cuentas de plataformas de videojuegos (ej. Steam).<\/p><\/li><li class=\"\" data-start=\"3132\" data-end=\"3192\"><p class=\"\" data-start=\"3134\" data-end=\"3192\">MegaPacks de juegos digitales para uso personal o reventa.<\/p><\/li><li class=\"\" data-start=\"3193\" data-end=\"3250\"><p class=\"\" data-start=\"3195\" data-end=\"3250\">Cursos online de capacitaci\u00f3n sobre negocios digitales.<\/p><\/li><\/ul><h2 class=\"\" data-start=\"3252\" data-end=\"3283\">2. Uso de nuestros servicios<\/h2><p class=\"\" data-start=\"3284\" data-end=\"3330\">Al utilizar nuestros servicios, usted declara:<\/p><ul data-start=\"3332\" data-end=\"3490\"><li class=\"\" data-start=\"3332\" data-end=\"3393\"><p class=\"\" data-start=\"3334\" data-end=\"3393\">Ser mayor de edad o tener consentimiento de un tutor legal.<\/p><\/li><li class=\"\" data-start=\"3394\" data-end=\"3490\"><p class=\"\" data-start=\"3396\" data-end=\"3490\">Usar nuestros productos de manera legal y conforme a los t\u00e9rminos de cada plataforma asociada.<\/p><\/li><\/ul><p class=\"\" data-start=\"3492\" data-end=\"3612\"><strong data-start=\"3492\" data-end=\"3501\">Nota:<\/strong> No nos hacemos responsables de suspensiones de cuentas por mal uso o violaciones de las pol\u00edticas de terceros.<\/p><h2 class=\"\" data-start=\"3614\" data-end=\"3635\">3. Compras y pagos<\/h2><ul data-start=\"3636\" data-end=\"3898\"><li class=\"\" data-start=\"3636\" data-end=\"3745\"><p class=\"\" data-start=\"3638\" data-end=\"3745\">Todas las compras son finales. No se aceptan reembolsos, salvo error demostrado en la entrega del producto.<\/p><\/li><li class=\"\" data-start=\"3746\" data-end=\"3792\"><p class=\"\" data-start=\"3748\" data-end=\"3792\">Pagos procesados mediante pasarelas seguras.<\/p><\/li><li class=\"\" data-start=\"3793\" data-end=\"3898\"><p class=\"\" data-start=\"3795\" data-end=\"3898\">Cualquier intento de fraude resultar\u00e1 en la cancelaci\u00f3n inmediata de su cuenta sin derecho a reembolso.<\/p><\/li><\/ul><h2 class=\"\" data-start=\"3900\" data-end=\"3926\">4. Entrega de productos<\/h2><ul data-start=\"3927\" data-end=\"4129\"><li class=\"\" data-start=\"3927\" data-end=\"4045\"><p class=\"\" data-start=\"3929\" data-end=\"4045\">Las entregas de cuentas y productos digitales se realizan dentro de 24 horas posteriores a la confirmaci\u00f3n del pago.<\/p><\/li><li class=\"\" data-start=\"4046\" data-end=\"4129\"><p class=\"\" data-start=\"4048\" data-end=\"4129\">En el caso de los cursos, el acceso es inmediato o en un plazo de hasta 12 horas.<\/p><\/li><\/ul><h2 class=\"\" data-start=\"4131\" data-end=\"4158\">5. Propiedad intelectual<\/h2><p class=\"\" data-start=\"4159\" data-end=\"4340\">Todo el material de cursos y MegaPacks creado por Kai Collection est\u00e1 protegido por derechos de autor.<br data-start=\"4261\" data-end=\"4264\" \/><strong data-start=\"4264\" data-end=\"4340\">Est\u00e1 prohibida su reproducci\u00f3n, redistribuci\u00f3n o venta sin autorizaci\u00f3n.<\/strong><\/p><h2 class=\"\" data-start=\"4342\" data-end=\"4377\">6. Limitaci\u00f3n de responsabilidad<\/h2><ul data-start=\"4378\" data-end=\"4573\"><li class=\"\" data-start=\"4378\" data-end=\"4481\"><p class=\"\" data-start=\"4380\" data-end=\"4481\">No garantizamos el funcionamiento perpetuo de servicios de terceros asociados a las cuentas vendidas.<\/p><\/li><li class=\"\" data-start=\"4482\" data-end=\"4573\"><p class=\"\" data-start=\"4484\" data-end=\"4573\">La responsabilidad de Kai Collection se limita \u00fanicamente al monto pagado por el usuario.<\/p><\/li><\/ul><h2 class=\"\" data-start=\"4575\" data-end=\"4594\">7. Prohibiciones<\/h2><ul data-start=\"4595\" data-end=\"4759\"><li class=\"\" data-start=\"4595\" data-end=\"4699\"><p class=\"\" data-start=\"4597\" data-end=\"4699\">Revender cuentas adquiridas en Kai Collection sin consentimiento expreso (salvo MegaPacks de reventa).<\/p><\/li><li class=\"\" data-start=\"4700\" data-end=\"4759\"><p class=\"\" data-start=\"4702\" data-end=\"4759\">Usar nuestro contenido con fines fraudulentos o il\u00edcitos.<\/p><\/li><\/ul><h2 class=\"\" data-start=\"4761\" data-end=\"4789\">8. Cancelaci\u00f3n de cuentas<\/h2><p class=\"\" data-start=\"4790\" data-end=\"4898\">Nos reservamos el derecho de cancelar su acceso a nuestros servicios en caso de violaci\u00f3n de estos T\u00e9rminos.<\/p><h2 class=\"\" data-start=\"4900\" data-end=\"4920\">9. Modificaciones<\/h2><p class=\"\" data-start=\"4921\" data-end=\"5073\">Kai Collection se reserva el derecho de modificar estos T\u00e9rminos en cualquier momento. El uso continuado del sitio implica la aceptaci\u00f3n de los cambios.<\/p><h2 class=\"\" data-start=\"5075\" data-end=\"5090\">10. Contacto<\/h2><p class=\"\" data-start=\"5091\" data-end=\"5242\">Si tiene alguna pregunta o necesita asistencia:<br data-start=\"5138\" data-end=\"5141\" \/>\u2709\ufe0f <a rel=\"noopener\" data-start=\"5144\" data-end=\"5170\">soporte@kaicollection.info<\/a> (Atenci\u00f3n general)<br data-start=\"5189\" data-end=\"5192\" \/>\u2709\ufe0f <a rel=\"noopener\" data-start=\"5195\" data-end=\"5220\">ventas@kaicollection.info<\/a> (Consultas de ventas)<\/p><hr class=\"\" data-start=\"5244\" data-end=\"5247\" \/><p class=\"\" data-start=\"5249\" data-end=\"5539\">\u00a0<\/p>\t\t\t\t\t\t\t\t<\/div>\n\t\t\t\t<\/div>\n\t\t\t\t<\/div>\n\t\t\t\t\t<\/div>\n\t\t\t\t<\/div>\n\t\t\t\t<\/div>","protected":false},"excerpt":{"rendered":"<p>Kia Collection &#8211; Documentaci\u00f3n Enlace de video tutorial en producci\u00f3n Instrucciones &nbsp; Steam Problemas Frecuentes Cambiar de disco Almacenar m\u00e1s [&hellip;]<\/p>","protected":false},"author":1,"featured_media":695,"parent":0,"menu_order":0,"comment_status":"closed","ping_status":"closed","template":"","meta":{"site-sidebar-layout":"no-sidebar","site-content-layout":"","ast-site-content-layout":"full-width-container","site-content-style":"default","site-sidebar-style":"default","ast-global-header-display":"","ast-banner-title-visibility":"","ast-main-header-display":"","ast-hfb-above-header-display":"","ast-hfb-below-header-display":"","ast-hfb-mobile-header-display":"","site-post-title":"disabled","ast-breadcrumbs-content":"","ast-featured-img":"disabled","footer-sml-layout":"","ast-disable-related-posts":"","theme-transparent-header-meta":"default","adv-header-id-meta":"","stick-header-meta":"","header-above-stick-meta":"","header-main-stick-meta":"","header-below-stick-meta":"","astra-migrate-meta-layouts":"set","ast-page-background-enabled":"default","ast-page-background-meta":{"desktop":{"background-color":"var(--ast-global-color-5)","background-image":"","background-repeat":"repeat","background-position":"center center","background-size":"auto","background-attachment":"scroll","background-type":"","background-media":"","overlay-type":"","overlay-color":"","overlay-opacity":"","overlay-gradient":""},"tablet":{"background-color":"","background-image":"","background-repeat":"repeat","background-position":"center center","background-size":"auto","background-attachment":"scroll","background-type":"","background-media":"","overlay-type":"","overlay-color":"","overlay-opacity":"","overlay-gradient":""},"mobile":{"background-color":"","background-image":"","background-repeat":"repeat","background-position":"center center","background-size":"auto","background-attachment":"scroll","background-type":"","background-media":"","overlay-type":"","overlay-color":"","overlay-opacity":"","overlay-gradient":""}},"ast-content-background-meta":{"desktop":{"background-color":"var(--ast-global-color-4)","background-image":"","background-repeat":"repeat","background-position":"center center","background-size":"auto","background-attachment":"scroll","background-type":"","background-media":"","overlay-type":"","overlay-color":"","overlay-opacity":"","overlay-gradient":""},"tablet":{"background-color":"var(--ast-global-color-4)","background-image":"","background-repeat":"repeat","background-position":"center center","background-size":"auto","background-attachment":"scroll","background-type":"","background-media":"","overlay-type":"","overlay-color":"","overlay-opacity":"","overlay-gradient":""},"mobile":{"background-color":"var(--ast-global-color-4)","background-image":"","background-repeat":"repeat","background-position":"center center","background-size":"auto","background-attachment":"scroll","background-type":"","background-media":"","overlay-type":"","overlay-color":"","overlay-opacity":"","overlay-gradient":""}},"footnotes":""},"class_list":["post-1998","page","type-page","status-publish","has-post-thumbnail","hentry"],"yoast_head":"<!-- This site is optimized with the Yoast SEO Premium plugin v21.8 (Yoast SEO v27.4) - https:\/\/yoast.com\/product\/yoast-seo-premium-wordpress\/ -->\n<title>T\u00e9rminos y Condiciones - kaicollection.info<\/title>\n<meta name=\"description\" content=\"Consulta los T\u00e9rminos de Servicio de Kai Collection. Aprende sobre el uso correcto de cuentas, megapacks y cursos digitales. Tu confianza y experiencia segura son nuestra prioridad.\" \/>\n<meta name=\"robots\" content=\"index, follow, max-snippet:-1, max-image-preview:large, max-video-preview:-1\" \/>\n<link rel=\"canonical\" href=\"https:\/\/kaicollection.info\/en\/terminos\/\" \/>\n<meta property=\"og:locale\" content=\"en_US\" \/>\n<meta property=\"og:type\" content=\"article\" \/>\n<meta property=\"og:title\" content=\"T\u00e9rminos y Condiciones\" \/>\n<meta property=\"og:description\" content=\"Consulta los T\u00e9rminos de Servicio de Kai Collection. Aprende sobre el uso correcto de cuentas, megapacks y cursos digitales. Tu confianza y experiencia segura son nuestra prioridad.\" \/>\n<meta property=\"og:url\" content=\"https:\/\/kaicollection.info\/en\/terminos\/\" \/>\n<meta property=\"og:site_name\" content=\"kaicollection.info\" \/>\n<meta property=\"article:modified_time\" content=\"2025-04-28T04:33:34+00:00\" \/>\n<meta property=\"og:image\" content=\"https:\/\/kaicollection.info\/wp-content\/uploads\/2025\/04\/Logo_kaicollection.png\" \/>\n\t<meta property=\"og:image:width\" content=\"500\" \/>\n\t<meta property=\"og:image:height\" content=\"500\" \/>\n\t<meta property=\"og:image:type\" content=\"image\/png\" \/>\n<meta name=\"twitter:card\" content=\"summary_large_image\" \/>\n<meta name=\"twitter:label1\" content=\"Est. reading time\" \/>\n\t<meta name=\"twitter:data1\" content=\"22 minutes\" \/>\n<script type=\"application\/ld+json\" class=\"yoast-schema-graph\">{\"@context\":\"https:\\\/\\\/schema.org\",\"@graph\":[{\"@type\":\"WebPage\",\"@id\":\"https:\\\/\\\/kaicollection.info\\\/terminos\\\/\",\"url\":\"https:\\\/\\\/kaicollection.info\\\/terminos\\\/\",\"name\":\"T\u00e9rminos y Condiciones - kaicollection.info\",\"isPartOf\":{\"@id\":\"https:\\\/\\\/kaicollection.info\\\/#website\"},\"primaryImageOfPage\":{\"@id\":\"https:\\\/\\\/kaicollection.info\\\/terminos\\\/#primaryimage\"},\"image\":{\"@id\":\"https:\\\/\\\/kaicollection.info\\\/terminos\\\/#primaryimage\"},\"thumbnailUrl\":\"https:\\\/\\\/kaicollection.info\\\/wp-content\\\/uploads\\\/2025\\\/04\\\/Logo_kaicollection.png\",\"datePublished\":\"2025-04-28T04:27:16+00:00\",\"dateModified\":\"2025-04-28T04:33:34+00:00\",\"description\":\"Consulta los T\u00e9rminos de Servicio de Kai Collection. Aprende sobre el uso correcto de cuentas, megapacks y cursos digitales. Tu confianza y experiencia segura son nuestra prioridad.\",\"breadcrumb\":{\"@id\":\"https:\\\/\\\/kaicollection.info\\\/terminos\\\/#breadcrumb\"},\"inLanguage\":\"en-US\",\"potentialAction\":[{\"@type\":\"ReadAction\",\"target\":[\"https:\\\/\\\/kaicollection.info\\\/terminos\\\/\"]}]},{\"@type\":\"ImageObject\",\"inLanguage\":\"en-US\",\"@id\":\"https:\\\/\\\/kaicollection.info\\\/terminos\\\/#primaryimage\",\"url\":\"https:\\\/\\\/kaicollection.info\\\/wp-content\\\/uploads\\\/2025\\\/04\\\/Logo_kaicollection.png\",\"contentUrl\":\"https:\\\/\\\/kaicollection.info\\\/wp-content\\\/uploads\\\/2025\\\/04\\\/Logo_kaicollection.png\",\"width\":500,\"height\":500},{\"@type\":\"BreadcrumbList\",\"@id\":\"https:\\\/\\\/kaicollection.info\\\/terminos\\\/#breadcrumb\",\"itemListElement\":[{\"@type\":\"ListItem\",\"position\":1,\"name\":\"Home\",\"item\":\"https:\\\/\\\/kaicollection.info\\\/\"},{\"@type\":\"ListItem\",\"position\":2,\"name\":\"T\u00e9rminos y Condiciones\"}]},{\"@type\":\"WebSite\",\"@id\":\"https:\\\/\\\/kaicollection.info\\\/#website\",\"url\":\"https:\\\/\\\/kaicollection.info\\\/\",\"name\":\"kaicollection.info\",\"description\":\"\",\"publisher\":{\"@id\":\"https:\\\/\\\/kaicollection.info\\\/#organization\"},\"potentialAction\":[{\"@type\":\"SearchAction\",\"target\":{\"@type\":\"EntryPoint\",\"urlTemplate\":\"https:\\\/\\\/kaicollection.info\\\/?s={search_term_string}\"},\"query-input\":{\"@type\":\"PropertyValueSpecification\",\"valueRequired\":true,\"valueName\":\"search_term_string\"}}],\"inLanguage\":\"en-US\"},{\"@type\":\"Organization\",\"@id\":\"https:\\\/\\\/kaicollection.info\\\/#organization\",\"name\":\"kaicollection.info\",\"url\":\"https:\\\/\\\/kaicollection.info\\\/\",\"logo\":{\"@type\":\"ImageObject\",\"inLanguage\":\"en-US\",\"@id\":\"https:\\\/\\\/kaicollection.info\\\/#\\\/schema\\\/logo\\\/image\\\/\",\"url\":\"https:\\\/\\\/kaicollection.info\\\/wp-content\\\/uploads\\\/2025\\\/01\\\/Diseno-sin-titulo-31.png\",\"contentUrl\":\"https:\\\/\\\/kaicollection.info\\\/wp-content\\\/uploads\\\/2025\\\/01\\\/Diseno-sin-titulo-31.png\",\"width\":2440,\"height\":1397,\"caption\":\"kaicollection.info\"},\"image\":{\"@id\":\"https:\\\/\\\/kaicollection.info\\\/#\\\/schema\\\/logo\\\/image\\\/\"}}]}<\/script>\n<!-- \/ Yoast SEO Premium plugin. -->","yoast_head_json":{"title":"T\u00e9rminos y Condiciones - kaicollection.info","description":"Consulta los T\u00e9rminos de Servicio de Kai Collection. Aprende sobre el uso correcto de cuentas, megapacks y cursos digitales. Tu confianza y experiencia segura son nuestra prioridad.","robots":{"index":"index","follow":"follow","max-snippet":"max-snippet:-1","max-image-preview":"max-image-preview:large","max-video-preview":"max-video-preview:-1"},"canonical":"https:\/\/kaicollection.info\/en\/terminos\/","og_locale":"en_US","og_type":"article","og_title":"T\u00e9rminos y Condiciones","og_description":"Consulta los T\u00e9rminos de Servicio de Kai Collection. Aprende sobre el uso correcto de cuentas, megapacks y cursos digitales. Tu confianza y experiencia segura son nuestra prioridad.","og_url":"https:\/\/kaicollection.info\/en\/terminos\/","og_site_name":"kaicollection.info","article_modified_time":"2025-04-28T04:33:34+00:00","og_image":[{"width":500,"height":500,"url":"https:\/\/kaicollection.info\/wp-content\/uploads\/2025\/04\/Logo_kaicollection.png","type":"image\/png"}],"twitter_card":"summary_large_image","twitter_misc":{"Est. reading time":"22 minutes"},"schema":{"@context":"https:\/\/schema.org","@graph":[{"@type":"WebPage","@id":"https:\/\/kaicollection.info\/terminos\/","url":"https:\/\/kaicollection.info\/terminos\/","name":"T\u00e9rminos y Condiciones - kaicollection.info","isPartOf":{"@id":"https:\/\/kaicollection.info\/#website"},"primaryImageOfPage":{"@id":"https:\/\/kaicollection.info\/terminos\/#primaryimage"},"image":{"@id":"https:\/\/kaicollection.info\/terminos\/#primaryimage"},"thumbnailUrl":"https:\/\/kaicollection.info\/wp-content\/uploads\/2025\/04\/Logo_kaicollection.png","datePublished":"2025-04-28T04:27:16+00:00","dateModified":"2025-04-28T04:33:34+00:00","description":"Consulta los T\u00e9rminos de Servicio de Kai Collection. Aprende sobre el uso correcto de cuentas, megapacks y cursos digitales. Tu confianza y experiencia segura son nuestra prioridad.","breadcrumb":{"@id":"https:\/\/kaicollection.info\/terminos\/#breadcrumb"},"inLanguage":"en-US","potentialAction":[{"@type":"ReadAction","target":["https:\/\/kaicollection.info\/terminos\/"]}]},{"@type":"ImageObject","inLanguage":"en-US","@id":"https:\/\/kaicollection.info\/terminos\/#primaryimage","url":"https:\/\/kaicollection.info\/wp-content\/uploads\/2025\/04\/Logo_kaicollection.png","contentUrl":"https:\/\/kaicollection.info\/wp-content\/uploads\/2025\/04\/Logo_kaicollection.png","width":500,"height":500},{"@type":"BreadcrumbList","@id":"https:\/\/kaicollection.info\/terminos\/#breadcrumb","itemListElement":[{"@type":"ListItem","position":1,"name":"Home","item":"https:\/\/kaicollection.info\/"},{"@type":"ListItem","position":2,"name":"T\u00e9rminos y Condiciones"}]},{"@type":"WebSite","@id":"https:\/\/kaicollection.info\/#website","url":"https:\/\/kaicollection.info\/","name":"kaicollection.info","description":"","publisher":{"@id":"https:\/\/kaicollection.info\/#organization"},"potentialAction":[{"@type":"SearchAction","target":{"@type":"EntryPoint","urlTemplate":"https:\/\/kaicollection.info\/?s={search_term_string}"},"query-input":{"@type":"PropertyValueSpecification","valueRequired":true,"valueName":"search_term_string"}}],"inLanguage":"en-US"},{"@type":"Organization","@id":"https:\/\/kaicollection.info\/#organization","name":"kaicollection.info","url":"https:\/\/kaicollection.info\/","logo":{"@type":"ImageObject","inLanguage":"en-US","@id":"https:\/\/kaicollection.info\/#\/schema\/logo\/image\/","url":"https:\/\/kaicollection.info\/wp-content\/uploads\/2025\/01\/Diseno-sin-titulo-31.png","contentUrl":"https:\/\/kaicollection.info\/wp-content\/uploads\/2025\/01\/Diseno-sin-titulo-31.png","width":2440,"height":1397,"caption":"kaicollection.info"},"image":{"@id":"https:\/\/kaicollection.info\/#\/schema\/logo\/image\/"}}]}},"_links":{"self":[{"href":"https:\/\/kaicollection.info\/en\/wp-json\/wp\/v2\/pages\/1998","targetHints":{"allow":["GET"]}}],"collection":[{"href":"https:\/\/kaicollection.info\/en\/wp-json\/wp\/v2\/pages"}],"about":[{"href":"https:\/\/kaicollection.info\/en\/wp-json\/wp\/v2\/types\/page"}],"author":[{"embeddable":true,"href":"https:\/\/kaicollection.info\/en\/wp-json\/wp\/v2\/users\/1"}],"replies":[{"embeddable":true,"href":"https:\/\/kaicollection.info\/en\/wp-json\/wp\/v2\/comments?post=1998"}],"version-history":[{"count":0,"href":"https:\/\/kaicollection.info\/en\/wp-json\/wp\/v2\/pages\/1998\/revisions"}],"wp:featuredmedia":[{"embeddable":true,"href":"https:\/\/kaicollection.info\/en\/wp-json\/wp\/v2\/media\/695"}],"wp:attachment":[{"href":"https:\/\/kaicollection.info\/en\/wp-json\/wp\/v2\/media?parent=1998"}],"curies":[{"name":"wp","href":"https:\/\/api.w.org\/{rel}","templated":true}]}}