{"id":2845,"date":"2025-05-15T03:20:17","date_gmt":"2025-05-15T03:20:17","guid":{"rendered":"https:\/\/kaicollection.info\/?post_type=product&#038;p=2845"},"modified":"2025-05-16T02:50:15","modified_gmt":"2025-05-16T02:50:15","slug":"control-bluetooth-gamesir-g8-plus-para-celular-switch-ios-y-android-gamepad-gamer-inalambrico-con-joysticks-magneticos","status":"publish","type":"product","link":"https:\/\/kaicollection.info\/en\/product\/control-bluetooth-gamesir-g8-plus-para-celular-switch-ios-y-android-gamepad-gamer-inalambrico-con-joysticks-magneticos\/","title":{"rendered":"Control Bluetooth GameSir G8 Plus para Celular, Switch, iOS y Android \u2013 Gamepad Gamer Inal\u00e1mbrico con Joysticks Magn\u00e9ticos"},"content":{"rendered":"<table class=\"a-keyvalue prodDetTable\" style=\"height: 369px;\" width=\"697\">\n<tbody>\n<tr>\n<th class=\"a-color-secondary a-size-base prodDetSectionEntry\" style=\"text-align: left;\">Dispositivos compatibles<\/th>\n<td class=\"a-size-base prodDetAttrValue\">Nintendo Switch, PC, IOS, Android<\/td>\n<\/tr>\n<tr>\n<th class=\"a-color-secondary a-size-base prodDetSectionEntry\" style=\"text-align: left;\">Tipo de controlador<\/th>\n<td class=\"a-size-base prodDetAttrValue\">Mando de videojuegos<\/td>\n<\/tr>\n<tr>\n<th class=\"a-color-secondary a-size-base prodDetSectionEntry\" style=\"text-align: left;\">Tecnolog\u00eda de conectividad<\/th>\n<td class=\"a-size-base prodDetAttrValue\">Bluetooth<\/td>\n<\/tr>\n<tr>\n<th class=\"a-color-secondary a-size-base prodDetSectionEntry\" style=\"text-align: left;\">Caracter\u00edsticas especiales<\/th>\n<td class=\"a-size-base prodDetAttrValue\">Inal\u00e1mbrico<\/td>\n<\/tr>\n<tr>\n<th class=\"a-color-secondary a-size-base prodDetSectionEntry\" style=\"text-align: left;\">Cantidad de botones<\/th>\n<td class=\"a-size-base prodDetAttrValue\">14<\/td>\n<\/tr>\n<tr>\n<th class=\"a-color-secondary a-size-base prodDetSectionEntry\" style=\"text-align: left;\">Plataforma hardware<\/th>\n<td class=\"a-size-base prodDetAttrValue\">iOS, Android<\/td>\n<\/tr>\n<tr>\n<th class=\"a-color-secondary a-size-base prodDetSectionEntry\" style=\"text-align: left;\">Tipo de fuente de energ\u00eda<\/th>\n<td class=\"a-size-base prodDetAttrValue\">Bater\u00edas<\/td>\n<\/tr>\n<\/tbody>\n<\/table>","protected":false},"excerpt":{"rendered":"<ul class=\"a-unordered-list a-vertical a-spacing-mini\">\n<li class=\"a-spacing-mini\"><span class=\"a-list-item\">Precisi\u00f3n y durabilidad: los palillos y gatillos de detecci\u00f3n de efecto Hall ofrecen un control preciso, suave y duradero para juegos competitivos.<\/span><\/li>\n<li class=\"a-spacing-mini\"><span class=\"a-list-item\">Compatibilidad universal: se adapta a una amplia gama de dispositivos, incluidos tel\u00e9fonos, switch, y tabletas, gracias a su dise\u00f1o extensible.<\/span><\/li>\n<li class=\"a-spacing-mini\"><span class=\"a-list-item\">Sensaci\u00f3n de movimiento: el giroscopio de 6 ejes mejora el juego con control de movimiento preciso, ideal para juegos Switch.<\/span><\/li>\n<li class=\"a-spacing-mini\"><span class=\"a-list-item\">Vibraci\u00f3n realista: los motores duales ofrecen vibraciones fuertes y sutiles para una experiencia de juego inmersiva.<\/span><\/li>\n<li class=\"a-spacing-mini\"><span class=\"a-list-item\">Dise\u00f1o personalizable: los componentes magn\u00e9ticos intercambiables te permiten personalizar la apariencia y funcionalidad de tu controlador.<\/span><\/li>\n<li class=\"a-spacing-mini\"><span class=\"a-list-item\">\ud83c\udfae Comodidad de la consola: disfruta de palos y botones del tama\u00f1o de una consola para un control y comodidad excepcionales durante largas sesiones de juego.<\/span><\/li>\n<li class=\"a-spacing-mini\"><span class=\"a-list-item\">Conexi\u00f3n: Bluetooth para dispositivos m\u00f3viles, cableado para PC. La capacidad de la bater\u00eda de cada lado es de 500 mAh.<\/span><\/li>\n<\/ul>","protected":false},"featured_media":2847,"comment_status":"open","ping_status":"closed","template":"","meta":{"site-sidebar-layout":"default","site-content-layout":"","ast-site-content-layout":"default","site-content-style":"default","site-sidebar-style":"default","ast-global-header-display":"","ast-banner-title-visibility":"","ast-main-header-display":"","ast-hfb-above-header-display":"","ast-hfb-below-header-display":"","ast-hfb-mobile-header-display":"","site-post-title":"","ast-breadcrumbs-content":"","ast-featured-img":"","footer-sml-layout":"","ast-disable-related-posts":"","theme-transparent-header-meta":"default","adv-header-id-meta":"","stick-header-meta":"","header-above-stick-meta":"","header-main-stick-meta":"","header-below-stick-meta":"","astra-migrate-meta-layouts":"set","ast-page-background-enabled":"default","ast-page-background-meta":{"desktop":{"background-color":"var(--ast-global-color-5)","background-image":"","background-repeat":"repeat","background-position":"center center","background-size":"auto","background-attachment":"scroll","background-type":"","background-media":"","overlay-type":"","overlay-color":"","overlay-opacity":"","overlay-gradient":""},"tablet":{"background-color":"","background-image":"","background-repeat":"repeat","background-position":"center center","background-size":"auto","background-attachment":"scroll","background-type":"","background-media":"","overlay-type":"","overlay-color":"","overlay-opacity":"","overlay-gradient":""},"mobile":{"background-color":"","background-image":"","background-repeat":"repeat","background-position":"center center","background-size":"auto","background-attachment":"scroll","background-type":"","background-media":"","overlay-type":"","overlay-color":"","overlay-opacity":"","overlay-gradient":""}},"ast-content-background-meta":{"desktop":{"background-color":"var(--ast-global-color-4)","background-image":"","background-repeat":"repeat","background-position":"center center","background-size":"auto","background-attachment":"scroll","background-type":"","background-media":"","overlay-type":"","overlay-color":"","overlay-opacity":"","overlay-gradient":""},"tablet":{"background-color":"var(--ast-global-color-4)","background-image":"","background-repeat":"repeat","background-position":"center center","background-size":"auto","background-attachment":"scroll","background-type":"","background-media":"","overlay-type":"","overlay-color":"","overlay-opacity":"","overlay-gradient":""},"mobile":{"background-color":"var(--ast-global-color-4)","background-image":"","background-repeat":"repeat","background-position":"center center","background-size":"auto","background-attachment":"scroll","background-type":"","background-media":"","overlay-type":"","overlay-color":"","overlay-opacity":"","overlay-gradient":""}}},"product_brand":[],"product_cat":[53],"product_tag":[],"class_list":{"0":"post-2845","1":"product","2":"type-product","3":"status-publish","4":"has-post-thumbnail","6":"product_cat-mandos","7":"desktop-align-left","8":"tablet-align-left","9":"mobile-align-left","11":"first","12":"instock","13":"sale","14":"shipping-taxable","15":"purchasable","16":"product-type-simple"},"yoast_head":"<!-- This site is optimized with the Yoast SEO Premium plugin v21.8 (Yoast SEO v27.4) - https:\/\/yoast.com\/product\/yoast-seo-premium-wordpress\/ -->\n<title>Control Bluetooth GameSir G8 Plus para Celular, Switch, iOS y Android \u2013 Gamepad Gamer Inal\u00e1mbrico con Joysticks Magn\u00e9ticos - kaicollection.info<\/title>\n<meta name=\"description\" content=\"Compra el control gamer GameSir G8 Plus para celular, Switch, Android y iOS. Ideal para juegos como Genshin Impact y Call of Duty Mobile. Env\u00edo a todo Per\u00fa.\" \/>\n<meta name=\"robots\" content=\"index, follow, max-snippet:-1, max-image-preview:large, max-video-preview:-1\" \/>\n<link rel=\"canonical\" href=\"https:\/\/kaicollection.info\/en\/product\/control-bluetooth-gamesir-g8-plus-para-celular-switch-ios-y-android-gamepad-gamer-inalambrico-con-joysticks-magneticos\/\" \/>\n<meta property=\"og:locale\" content=\"en_US\" \/>\n<meta property=\"og:type\" content=\"article\" \/>\n<meta property=\"og:title\" content=\"Control Bluetooth GameSir G8 Plus para Celular, Switch, iOS y Android \u2013 Gamepad Gamer Inal\u00e1mbrico con Joysticks Magn\u00e9ticos\" \/>\n<meta property=\"og:description\" content=\"Compra el control gamer GameSir G8 Plus para celular, Switch, Android y iOS. Ideal para juegos como Genshin Impact y Call of Duty Mobile. Env\u00edo a todo Per\u00fa.\" \/>\n<meta property=\"og:url\" content=\"https:\/\/kaicollection.info\/en\/product\/control-bluetooth-gamesir-g8-plus-para-celular-switch-ios-y-android-gamepad-gamer-inalambrico-con-joysticks-magneticos\/\" \/>\n<meta property=\"og:site_name\" content=\"kaicollection.info\" \/>\n<meta property=\"article:modified_time\" content=\"2025-05-16T02:50:15+00:00\" \/>\n<meta property=\"og:image\" content=\"https:\/\/kaicollection.info\/wp-content\/uploads\/2025\/05\/51a-tc219gL._SX522_.jpg\" \/>\n\t<meta property=\"og:image:width\" content=\"522\" \/>\n\t<meta property=\"og:image:height\" content=\"522\" \/>\n\t<meta property=\"og:image:type\" content=\"image\/jpeg\" \/>\n<meta name=\"twitter:card\" content=\"summary_large_image\" \/>\n<meta name=\"twitter:label1\" content=\"Est. reading time\" \/>\n\t<meta name=\"twitter:data1\" content=\"1 minute\" \/>\n<script type=\"application\/ld+json\" class=\"yoast-schema-graph\">{\"@context\":\"https:\\\/\\\/schema.org\",\"@graph\":[{\"@type\":\"WebPage\",\"@id\":\"https:\\\/\\\/kaicollection.info\\\/producto\\\/control-bluetooth-gamesir-g8-plus-para-celular-switch-ios-y-android-gamepad-gamer-inalambrico-con-joysticks-magneticos\\\/\",\"url\":\"https:\\\/\\\/kaicollection.info\\\/producto\\\/control-bluetooth-gamesir-g8-plus-para-celular-switch-ios-y-android-gamepad-gamer-inalambrico-con-joysticks-magneticos\\\/\",\"name\":\"Control Bluetooth GameSir G8 Plus para Celular, Switch, iOS y Android \u2013 Gamepad Gamer Inal\u00e1mbrico con Joysticks Magn\u00e9ticos - kaicollection.info\",\"isPartOf\":{\"@id\":\"https:\\\/\\\/kaicollection.info\\\/#website\"},\"primaryImageOfPage\":{\"@id\":\"https:\\\/\\\/kaicollection.info\\\/producto\\\/control-bluetooth-gamesir-g8-plus-para-celular-switch-ios-y-android-gamepad-gamer-inalambrico-con-joysticks-magneticos\\\/#primaryimage\"},\"image\":{\"@id\":\"https:\\\/\\\/kaicollection.info\\\/producto\\\/control-bluetooth-gamesir-g8-plus-para-celular-switch-ios-y-android-gamepad-gamer-inalambrico-con-joysticks-magneticos\\\/#primaryimage\"},\"thumbnailUrl\":\"https:\\\/\\\/kaicollection.info\\\/wp-content\\\/uploads\\\/2025\\\/05\\\/51a-tc219gL._SX522_.jpg\",\"datePublished\":\"2025-05-15T03:20:17+00:00\",\"dateModified\":\"2025-05-16T02:50:15+00:00\",\"description\":\"Compra el control gamer GameSir G8 Plus para celular, Switch, Android y iOS. Ideal para juegos como Genshin Impact y Call of Duty Mobile. Env\u00edo a todo Per\u00fa.\",\"breadcrumb\":{\"@id\":\"https:\\\/\\\/kaicollection.info\\\/producto\\\/control-bluetooth-gamesir-g8-plus-para-celular-switch-ios-y-android-gamepad-gamer-inalambrico-con-joysticks-magneticos\\\/#breadcrumb\"},\"inLanguage\":\"en-US\",\"potentialAction\":[{\"@type\":\"ReadAction\",\"target\":[\"https:\\\/\\\/kaicollection.info\\\/producto\\\/control-bluetooth-gamesir-g8-plus-para-celular-switch-ios-y-android-gamepad-gamer-inalambrico-con-joysticks-magneticos\\\/\"]}]},{\"@type\":\"ImageObject\",\"inLanguage\":\"en-US\",\"@id\":\"https:\\\/\\\/kaicollection.info\\\/producto\\\/control-bluetooth-gamesir-g8-plus-para-celular-switch-ios-y-android-gamepad-gamer-inalambrico-con-joysticks-magneticos\\\/#primaryimage\",\"url\":\"https:\\\/\\\/kaicollection.info\\\/wp-content\\\/uploads\\\/2025\\\/05\\\/51a-tc219gL._SX522_.jpg\",\"contentUrl\":\"https:\\\/\\\/kaicollection.info\\\/wp-content\\\/uploads\\\/2025\\\/05\\\/51a-tc219gL._SX522_.jpg\",\"width\":522,\"height\":522},{\"@type\":\"BreadcrumbList\",\"@id\":\"https:\\\/\\\/kaicollection.info\\\/producto\\\/control-bluetooth-gamesir-g8-plus-para-celular-switch-ios-y-android-gamepad-gamer-inalambrico-con-joysticks-magneticos\\\/#breadcrumb\",\"itemListElement\":[{\"@type\":\"ListItem\",\"position\":1,\"name\":\"Home\",\"item\":\"https:\\\/\\\/kaicollection.info\\\/\"},{\"@type\":\"ListItem\",\"position\":2,\"name\":\"Shop\",\"item\":\"https:\\\/\\\/kaicollection.info\\\/shop\\\/\"},{\"@type\":\"ListItem\",\"position\":3,\"name\":\"Control Bluetooth GameSir G8 Plus para Celular, Switch, iOS y Android \u2013 Gamepad Gamer Inal\u00e1mbrico con Joysticks Magn\u00e9ticos\"}]},{\"@type\":\"WebSite\",\"@id\":\"https:\\\/\\\/kaicollection.info\\\/#website\",\"url\":\"https:\\\/\\\/kaicollection.info\\\/\",\"name\":\"kaicollection.info\",\"description\":\"\",\"publisher\":{\"@id\":\"https:\\\/\\\/kaicollection.info\\\/#organization\"},\"potentialAction\":[{\"@type\":\"SearchAction\",\"target\":{\"@type\":\"EntryPoint\",\"urlTemplate\":\"https:\\\/\\\/kaicollection.info\\\/?s={search_term_string}\"},\"query-input\":{\"@type\":\"PropertyValueSpecification\",\"valueRequired\":true,\"valueName\":\"search_term_string\"}}],\"inLanguage\":\"en-US\"},{\"@type\":\"Organization\",\"@id\":\"https:\\\/\\\/kaicollection.info\\\/#organization\",\"name\":\"kaicollection.info\",\"url\":\"https:\\\/\\\/kaicollection.info\\\/\",\"logo\":{\"@type\":\"ImageObject\",\"inLanguage\":\"en-US\",\"@id\":\"https:\\\/\\\/kaicollection.info\\\/#\\\/schema\\\/logo\\\/image\\\/\",\"url\":\"https:\\\/\\\/kaicollection.info\\\/wp-content\\\/uploads\\\/2025\\\/01\\\/Diseno-sin-titulo-31.png\",\"contentUrl\":\"https:\\\/\\\/kaicollection.info\\\/wp-content\\\/uploads\\\/2025\\\/01\\\/Diseno-sin-titulo-31.png\",\"width\":2440,\"height\":1397,\"caption\":\"kaicollection.info\"},\"image\":{\"@id\":\"https:\\\/\\\/kaicollection.info\\\/#\\\/schema\\\/logo\\\/image\\\/\"}}]}<\/script>\n<!-- \/ Yoast SEO Premium plugin. -->","yoast_head_json":{"title":"Control Bluetooth GameSir G8 Plus para Celular, Switch, iOS y Android \u2013 Gamepad Gamer Inal\u00e1mbrico con Joysticks Magn\u00e9ticos - kaicollection.info","description":"Compra el control gamer GameSir G8 Plus para celular, Switch, Android y iOS. Ideal para juegos como Genshin Impact y Call of Duty Mobile. Env\u00edo a todo Per\u00fa.","robots":{"index":"index","follow":"follow","max-snippet":"max-snippet:-1","max-image-preview":"max-image-preview:large","max-video-preview":"max-video-preview:-1"},"canonical":"https:\/\/kaicollection.info\/en\/product\/control-bluetooth-gamesir-g8-plus-para-celular-switch-ios-y-android-gamepad-gamer-inalambrico-con-joysticks-magneticos\/","og_locale":"en_US","og_type":"article","og_title":"Control Bluetooth GameSir G8 Plus para Celular, Switch, iOS y Android \u2013 Gamepad Gamer Inal\u00e1mbrico con Joysticks Magn\u00e9ticos","og_description":"Compra el control gamer GameSir G8 Plus para celular, Switch, Android y iOS. Ideal para juegos como Genshin Impact y Call of Duty Mobile. Env\u00edo a todo Per\u00fa.","og_url":"https:\/\/kaicollection.info\/en\/product\/control-bluetooth-gamesir-g8-plus-para-celular-switch-ios-y-android-gamepad-gamer-inalambrico-con-joysticks-magneticos\/","og_site_name":"kaicollection.info","article_modified_time":"2025-05-16T02:50:15+00:00","og_image":[{"width":522,"height":522,"url":"https:\/\/kaicollection.info\/wp-content\/uploads\/2025\/05\/51a-tc219gL._SX522_.jpg","type":"image\/jpeg"}],"twitter_card":"summary_large_image","twitter_misc":{"Est. reading time":"1 minute"},"schema":{"@context":"https:\/\/schema.org","@graph":[{"@type":"WebPage","@id":"https:\/\/kaicollection.info\/producto\/control-bluetooth-gamesir-g8-plus-para-celular-switch-ios-y-android-gamepad-gamer-inalambrico-con-joysticks-magneticos\/","url":"https:\/\/kaicollection.info\/producto\/control-bluetooth-gamesir-g8-plus-para-celular-switch-ios-y-android-gamepad-gamer-inalambrico-con-joysticks-magneticos\/","name":"Control Bluetooth GameSir G8 Plus para Celular, Switch, iOS y Android \u2013 Gamepad Gamer Inal\u00e1mbrico con Joysticks Magn\u00e9ticos - kaicollection.info","isPartOf":{"@id":"https:\/\/kaicollection.info\/#website"},"primaryImageOfPage":{"@id":"https:\/\/kaicollection.info\/producto\/control-bluetooth-gamesir-g8-plus-para-celular-switch-ios-y-android-gamepad-gamer-inalambrico-con-joysticks-magneticos\/#primaryimage"},"image":{"@id":"https:\/\/kaicollection.info\/producto\/control-bluetooth-gamesir-g8-plus-para-celular-switch-ios-y-android-gamepad-gamer-inalambrico-con-joysticks-magneticos\/#primaryimage"},"thumbnailUrl":"https:\/\/kaicollection.info\/wp-content\/uploads\/2025\/05\/51a-tc219gL._SX522_.jpg","datePublished":"2025-05-15T03:20:17+00:00","dateModified":"2025-05-16T02:50:15+00:00","description":"Compra el control gamer GameSir G8 Plus para celular, Switch, Android y iOS. Ideal para juegos como Genshin Impact y Call of Duty Mobile. Env\u00edo a todo Per\u00fa.","breadcrumb":{"@id":"https:\/\/kaicollection.info\/producto\/control-bluetooth-gamesir-g8-plus-para-celular-switch-ios-y-android-gamepad-gamer-inalambrico-con-joysticks-magneticos\/#breadcrumb"},"inLanguage":"en-US","potentialAction":[{"@type":"ReadAction","target":["https:\/\/kaicollection.info\/producto\/control-bluetooth-gamesir-g8-plus-para-celular-switch-ios-y-android-gamepad-gamer-inalambrico-con-joysticks-magneticos\/"]}]},{"@type":"ImageObject","inLanguage":"en-US","@id":"https:\/\/kaicollection.info\/producto\/control-bluetooth-gamesir-g8-plus-para-celular-switch-ios-y-android-gamepad-gamer-inalambrico-con-joysticks-magneticos\/#primaryimage","url":"https:\/\/kaicollection.info\/wp-content\/uploads\/2025\/05\/51a-tc219gL._SX522_.jpg","contentUrl":"https:\/\/kaicollection.info\/wp-content\/uploads\/2025\/05\/51a-tc219gL._SX522_.jpg","width":522,"height":522},{"@type":"BreadcrumbList","@id":"https:\/\/kaicollection.info\/producto\/control-bluetooth-gamesir-g8-plus-para-celular-switch-ios-y-android-gamepad-gamer-inalambrico-con-joysticks-magneticos\/#breadcrumb","itemListElement":[{"@type":"ListItem","position":1,"name":"Home","item":"https:\/\/kaicollection.info\/"},{"@type":"ListItem","position":2,"name":"Shop","item":"https:\/\/kaicollection.info\/shop\/"},{"@type":"ListItem","position":3,"name":"Control Bluetooth GameSir G8 Plus para Celular, Switch, iOS y Android \u2013 Gamepad Gamer Inal\u00e1mbrico con Joysticks Magn\u00e9ticos"}]},{"@type":"WebSite","@id":"https:\/\/kaicollection.info\/#website","url":"https:\/\/kaicollection.info\/","name":"kaicollection.info","description":"","publisher":{"@id":"https:\/\/kaicollection.info\/#organization"},"potentialAction":[{"@type":"SearchAction","target":{"@type":"EntryPoint","urlTemplate":"https:\/\/kaicollection.info\/?s={search_term_string}"},"query-input":{"@type":"PropertyValueSpecification","valueRequired":true,"valueName":"search_term_string"}}],"inLanguage":"en-US"},{"@type":"Organization","@id":"https:\/\/kaicollection.info\/#organization","name":"kaicollection.info","url":"https:\/\/kaicollection.info\/","logo":{"@type":"ImageObject","inLanguage":"en-US","@id":"https:\/\/kaicollection.info\/#\/schema\/logo\/image\/","url":"https:\/\/kaicollection.info\/wp-content\/uploads\/2025\/01\/Diseno-sin-titulo-31.png","contentUrl":"https:\/\/kaicollection.info\/wp-content\/uploads\/2025\/01\/Diseno-sin-titulo-31.png","width":2440,"height":1397,"caption":"kaicollection.info"},"image":{"@id":"https:\/\/kaicollection.info\/#\/schema\/logo\/image\/"}}]}},"_links":{"self":[{"href":"https:\/\/kaicollection.info\/en\/wp-json\/wp\/v2\/product\/2845","targetHints":{"allow":["GET"]}}],"collection":[{"href":"https:\/\/kaicollection.info\/en\/wp-json\/wp\/v2\/product"}],"about":[{"href":"https:\/\/kaicollection.info\/en\/wp-json\/wp\/v2\/types\/product"}],"replies":[{"embeddable":true,"href":"https:\/\/kaicollection.info\/en\/wp-json\/wp\/v2\/comments?post=2845"}],"wp:featuredmedia":[{"embeddable":true,"href":"https:\/\/kaicollection.info\/en\/wp-json\/wp\/v2\/media\/2847"}],"wp:attachment":[{"href":"https:\/\/kaicollection.info\/en\/wp-json\/wp\/v2\/media?parent=2845"}],"wp:term":[{"taxonomy":"product_brand","embeddable":true,"href":"https:\/\/kaicollection.info\/en\/wp-json\/wp\/v2\/product_brand?post=2845"},{"taxonomy":"product_cat","embeddable":true,"href":"https:\/\/kaicollection.info\/en\/wp-json\/wp\/v2\/product_cat?post=2845"},{"taxonomy":"product_tag","embeddable":true,"href":"https:\/\/kaicollection.info\/en\/wp-json\/wp\/v2\/product_tag?post=2845"}],"curies":[{"name":"wp","href":"https:\/\/api.w.org\/{rel}","templated":true}]}}