{"id":3153,"date":"2025-05-22T05:07:17","date_gmt":"2025-05-22T05:07:17","guid":{"rendered":"https:\/\/kaicollection.info\/?post_type=product&#038;p=3153"},"modified":"2025-06-12T15:38:12","modified_gmt":"2025-06-12T15:38:12","slug":"resident-evil-remake-trilogy2-3-y-4","status":"publish","type":"product","link":"https:\/\/kaicollection.info\/en\/product\/resident-evil-remake-trilogy2-3-y-4\/","title":{"rendered":"Resident Evil Remake Trilogy(2, 3 y 4)"},"content":{"rendered":"","protected":false},"excerpt":{"rendered":"","protected":false},"featured_media":3154,"comment_status":"open","ping_status":"closed","template":"","meta":{"site-sidebar-layout":"default","site-content-layout":"","ast-site-content-layout":"default","site-content-style":"default","site-sidebar-style":"default","ast-global-header-display":"","ast-banner-title-visibility":"","ast-main-header-display":"","ast-hfb-above-header-display":"","ast-hfb-below-header-display":"","ast-hfb-mobile-header-display":"","site-post-title":"","ast-breadcrumbs-content":"","ast-featured-img":"","footer-sml-layout":"","ast-disable-related-posts":"","theme-transparent-header-meta":"default","adv-header-id-meta":"","stick-header-meta":"","header-above-stick-meta":"","header-main-stick-meta":"","header-below-stick-meta":"","astra-migrate-meta-layouts":"set","ast-page-background-enabled":"default","ast-page-background-meta":{"desktop":{"background-color":"var(--ast-global-color-5)","background-image":"","background-repeat":"repeat","background-position":"center center","background-size":"auto","background-attachment":"scroll","background-type":"","background-media":"","overlay-type":"","overlay-color":"","overlay-opacity":"","overlay-gradient":""},"tablet":{"background-color":"","background-image":"","background-repeat":"repeat","background-position":"center center","background-size":"auto","background-attachment":"scroll","background-type":"","background-media":"","overlay-type":"","overlay-color":"","overlay-opacity":"","overlay-gradient":""},"mobile":{"background-color":"","background-image":"","background-repeat":"repeat","background-position":"center center","background-size":"auto","background-attachment":"scroll","background-type":"","background-media":"","overlay-type":"","overlay-color":"","overlay-opacity":"","overlay-gradient":""}},"ast-content-background-meta":{"desktop":{"background-color":"var(--ast-global-color-4)","background-image":"","background-repeat":"repeat","background-position":"center center","background-size":"auto","background-attachment":"scroll","background-type":"","background-media":"","overlay-type":"","overlay-color":"","overlay-opacity":"","overlay-gradient":""},"tablet":{"background-color":"var(--ast-global-color-4)","background-image":"","background-repeat":"repeat","background-position":"center center","background-size":"auto","background-attachment":"scroll","background-type":"","background-media":"","overlay-type":"","overlay-color":"","overlay-opacity":"","overlay-gradient":""},"mobile":{"background-color":"var(--ast-global-color-4)","background-image":"","background-repeat":"repeat","background-position":"center center","background-size":"auto","background-attachment":"scroll","background-type":"","background-media":"","overlay-type":"","overlay-color":"","overlay-opacity":"","overlay-gradient":""}}},"product_brand":[],"product_cat":[29],"product_tag":[],"class_list":{"0":"post-3153","1":"product","2":"type-product","3":"status-publish","4":"has-post-thumbnail","6":"product_cat-steam","7":"desktop-align-left","8":"tablet-align-left","9":"mobile-align-left","11":"first","12":"instock","13":"virtual","14":"purchasable","15":"product-type-simple"},"yoast_head":"<!-- This site is optimized with the Yoast SEO Premium plugin v21.8 (Yoast SEO v27.4) - https:\/\/yoast.com\/product\/yoast-seo-premium-wordpress\/ -->\n<title>Resident Evil Remake Trilogy(2, 3 y 4) - kaicollection.info<\/title>\n<meta name=\"description\" content=\"Revive el terror cl\u00e1sico con la Resident Evil Remake Trilogy, que incluye las emblem\u00e1ticas entregas 2, 3 y 4, completamente remasterizadas con gr\u00e1ficos mejorados y jugabilidad renovada. Experimenta el suspense, acci\u00f3n y horror que definieron una era en la saga Resident Evil. En KAI Collection, descubre todo sobre estos remakes que han vuelto para conquistar a viejos y nuevos fans del survival horror.\" \/>\n<meta name=\"robots\" content=\"index, follow, max-snippet:-1, max-image-preview:large, max-video-preview:-1\" \/>\n<link rel=\"canonical\" href=\"https:\/\/kaicollection.info\/en\/product\/resident-evil-remake-trilogy2-3-y-4\/\" \/>\n<meta property=\"og:locale\" content=\"en_US\" \/>\n<meta property=\"og:type\" content=\"article\" \/>\n<meta property=\"og:title\" content=\"Resident Evil Remake Trilogy(2, 3 y 4)\" \/>\n<meta property=\"og:description\" content=\"Revive el terror cl\u00e1sico con la Resident Evil Remake Trilogy, que incluye las emblem\u00e1ticas entregas 2, 3 y 4, completamente remasterizadas con gr\u00e1ficos mejorados y jugabilidad renovada. Experimenta el suspense, acci\u00f3n y horror que definieron una era en la saga Resident Evil. En KAI Collection, descubre todo sobre estos remakes que han vuelto para conquistar a viejos y nuevos fans del survival horror.\" \/>\n<meta property=\"og:url\" content=\"https:\/\/kaicollection.info\/en\/product\/resident-evil-remake-trilogy2-3-y-4\/\" \/>\n<meta property=\"og:site_name\" content=\"kaicollection.info\" \/>\n<meta property=\"article:modified_time\" content=\"2025-06-12T15:38:12+00:00\" \/>\n<meta property=\"og:image\" content=\"https:\/\/kaicollection.info\/wp-content\/uploads\/2025\/05\/retrilogyu.jpg\" \/>\n\t<meta property=\"og:image:width\" content=\"550\" \/>\n\t<meta property=\"og:image:height\" content=\"825\" \/>\n\t<meta property=\"og:image:type\" content=\"image\/jpeg\" \/>\n<meta name=\"twitter:card\" content=\"summary_large_image\" \/>\n<meta name=\"twitter:label1\" content=\"Est. reading time\" \/>\n\t<meta name=\"twitter:data1\" content=\"1 minute\" \/>\n<script type=\"application\/ld+json\" class=\"yoast-schema-graph\">{\"@context\":\"https:\\\/\\\/schema.org\",\"@graph\":[{\"@type\":\"WebPage\",\"@id\":\"https:\\\/\\\/kaicollection.info\\\/producto\\\/resident-evil-remake-trilogy2-3-y-4\\\/\",\"url\":\"https:\\\/\\\/kaicollection.info\\\/producto\\\/resident-evil-remake-trilogy2-3-y-4\\\/\",\"name\":\"Resident Evil Remake Trilogy(2, 3 y 4) - kaicollection.info\",\"isPartOf\":{\"@id\":\"https:\\\/\\\/kaicollection.info\\\/#website\"},\"primaryImageOfPage\":{\"@id\":\"https:\\\/\\\/kaicollection.info\\\/producto\\\/resident-evil-remake-trilogy2-3-y-4\\\/#primaryimage\"},\"image\":{\"@id\":\"https:\\\/\\\/kaicollection.info\\\/producto\\\/resident-evil-remake-trilogy2-3-y-4\\\/#primaryimage\"},\"thumbnailUrl\":\"https:\\\/\\\/kaicollection.info\\\/wp-content\\\/uploads\\\/2025\\\/05\\\/retrilogyu.jpg\",\"datePublished\":\"2025-05-22T05:07:17+00:00\",\"dateModified\":\"2025-06-12T15:38:12+00:00\",\"description\":\"Revive el terror cl\u00e1sico con la Resident Evil Remake Trilogy, que incluye las emblem\u00e1ticas entregas 2, 3 y 4, completamente remasterizadas con gr\u00e1ficos mejorados y jugabilidad renovada. Experimenta el suspense, acci\u00f3n y horror que definieron una era en la saga Resident Evil. En KAI Collection, descubre todo sobre estos remakes que han vuelto para conquistar a viejos y nuevos fans del survival horror.\",\"breadcrumb\":{\"@id\":\"https:\\\/\\\/kaicollection.info\\\/producto\\\/resident-evil-remake-trilogy2-3-y-4\\\/#breadcrumb\"},\"inLanguage\":\"en-US\",\"potentialAction\":[{\"@type\":\"ReadAction\",\"target\":[\"https:\\\/\\\/kaicollection.info\\\/producto\\\/resident-evil-remake-trilogy2-3-y-4\\\/\"]}]},{\"@type\":\"ImageObject\",\"inLanguage\":\"en-US\",\"@id\":\"https:\\\/\\\/kaicollection.info\\\/producto\\\/resident-evil-remake-trilogy2-3-y-4\\\/#primaryimage\",\"url\":\"https:\\\/\\\/kaicollection.info\\\/wp-content\\\/uploads\\\/2025\\\/05\\\/retrilogyu.jpg\",\"contentUrl\":\"https:\\\/\\\/kaicollection.info\\\/wp-content\\\/uploads\\\/2025\\\/05\\\/retrilogyu.jpg\",\"width\":550,\"height\":825},{\"@type\":\"BreadcrumbList\",\"@id\":\"https:\\\/\\\/kaicollection.info\\\/producto\\\/resident-evil-remake-trilogy2-3-y-4\\\/#breadcrumb\",\"itemListElement\":[{\"@type\":\"ListItem\",\"position\":1,\"name\":\"Home\",\"item\":\"https:\\\/\\\/kaicollection.info\\\/\"},{\"@type\":\"ListItem\",\"position\":2,\"name\":\"Shop\",\"item\":\"https:\\\/\\\/kaicollection.info\\\/shop\\\/\"},{\"@type\":\"ListItem\",\"position\":3,\"name\":\"Resident Evil Remake Trilogy(2, 3 y 4)\"}]},{\"@type\":\"WebSite\",\"@id\":\"https:\\\/\\\/kaicollection.info\\\/#website\",\"url\":\"https:\\\/\\\/kaicollection.info\\\/\",\"name\":\"kaicollection.info\",\"description\":\"\",\"publisher\":{\"@id\":\"https:\\\/\\\/kaicollection.info\\\/#organization\"},\"potentialAction\":[{\"@type\":\"SearchAction\",\"target\":{\"@type\":\"EntryPoint\",\"urlTemplate\":\"https:\\\/\\\/kaicollection.info\\\/?s={search_term_string}\"},\"query-input\":{\"@type\":\"PropertyValueSpecification\",\"valueRequired\":true,\"valueName\":\"search_term_string\"}}],\"inLanguage\":\"en-US\"},{\"@type\":\"Organization\",\"@id\":\"https:\\\/\\\/kaicollection.info\\\/#organization\",\"name\":\"kaicollection.info\",\"url\":\"https:\\\/\\\/kaicollection.info\\\/\",\"logo\":{\"@type\":\"ImageObject\",\"inLanguage\":\"en-US\",\"@id\":\"https:\\\/\\\/kaicollection.info\\\/#\\\/schema\\\/logo\\\/image\\\/\",\"url\":\"https:\\\/\\\/kaicollection.info\\\/wp-content\\\/uploads\\\/2025\\\/01\\\/Diseno-sin-titulo-31.png\",\"contentUrl\":\"https:\\\/\\\/kaicollection.info\\\/wp-content\\\/uploads\\\/2025\\\/01\\\/Diseno-sin-titulo-31.png\",\"width\":2440,\"height\":1397,\"caption\":\"kaicollection.info\"},\"image\":{\"@id\":\"https:\\\/\\\/kaicollection.info\\\/#\\\/schema\\\/logo\\\/image\\\/\"}}]}<\/script>\n<!-- \/ Yoast SEO Premium plugin. -->","yoast_head_json":{"title":"Resident Evil Remake Trilogy(2, 3 y 4) - kaicollection.info","description":"Revive el terror cl\u00e1sico con la Resident Evil Remake Trilogy, que incluye las emblem\u00e1ticas entregas 2, 3 y 4, completamente remasterizadas con gr\u00e1ficos mejorados y jugabilidad renovada. Experimenta el suspense, acci\u00f3n y horror que definieron una era en la saga Resident Evil. En KAI Collection, descubre todo sobre estos remakes que han vuelto para conquistar a viejos y nuevos fans del survival horror.","robots":{"index":"index","follow":"follow","max-snippet":"max-snippet:-1","max-image-preview":"max-image-preview:large","max-video-preview":"max-video-preview:-1"},"canonical":"https:\/\/kaicollection.info\/en\/product\/resident-evil-remake-trilogy2-3-y-4\/","og_locale":"en_US","og_type":"article","og_title":"Resident Evil Remake Trilogy(2, 3 y 4)","og_description":"Revive el terror cl\u00e1sico con la Resident Evil Remake Trilogy, que incluye las emblem\u00e1ticas entregas 2, 3 y 4, completamente remasterizadas con gr\u00e1ficos mejorados y jugabilidad renovada. Experimenta el suspense, acci\u00f3n y horror que definieron una era en la saga Resident Evil. En KAI Collection, descubre todo sobre estos remakes que han vuelto para conquistar a viejos y nuevos fans del survival horror.","og_url":"https:\/\/kaicollection.info\/en\/product\/resident-evil-remake-trilogy2-3-y-4\/","og_site_name":"kaicollection.info","article_modified_time":"2025-06-12T15:38:12+00:00","og_image":[{"width":550,"height":825,"url":"https:\/\/kaicollection.info\/wp-content\/uploads\/2025\/05\/retrilogyu.jpg","type":"image\/jpeg"}],"twitter_card":"summary_large_image","twitter_misc":{"Est. reading time":"1 minute"},"schema":{"@context":"https:\/\/schema.org","@graph":[{"@type":"WebPage","@id":"https:\/\/kaicollection.info\/producto\/resident-evil-remake-trilogy2-3-y-4\/","url":"https:\/\/kaicollection.info\/producto\/resident-evil-remake-trilogy2-3-y-4\/","name":"Resident Evil Remake Trilogy(2, 3 y 4) - kaicollection.info","isPartOf":{"@id":"https:\/\/kaicollection.info\/#website"},"primaryImageOfPage":{"@id":"https:\/\/kaicollection.info\/producto\/resident-evil-remake-trilogy2-3-y-4\/#primaryimage"},"image":{"@id":"https:\/\/kaicollection.info\/producto\/resident-evil-remake-trilogy2-3-y-4\/#primaryimage"},"thumbnailUrl":"https:\/\/kaicollection.info\/wp-content\/uploads\/2025\/05\/retrilogyu.jpg","datePublished":"2025-05-22T05:07:17+00:00","dateModified":"2025-06-12T15:38:12+00:00","description":"Revive el terror cl\u00e1sico con la Resident Evil Remake Trilogy, que incluye las emblem\u00e1ticas entregas 2, 3 y 4, completamente remasterizadas con gr\u00e1ficos mejorados y jugabilidad renovada. Experimenta el suspense, acci\u00f3n y horror que definieron una era en la saga Resident Evil. En KAI Collection, descubre todo sobre estos remakes que han vuelto para conquistar a viejos y nuevos fans del survival horror.","breadcrumb":{"@id":"https:\/\/kaicollection.info\/producto\/resident-evil-remake-trilogy2-3-y-4\/#breadcrumb"},"inLanguage":"en-US","potentialAction":[{"@type":"ReadAction","target":["https:\/\/kaicollection.info\/producto\/resident-evil-remake-trilogy2-3-y-4\/"]}]},{"@type":"ImageObject","inLanguage":"en-US","@id":"https:\/\/kaicollection.info\/producto\/resident-evil-remake-trilogy2-3-y-4\/#primaryimage","url":"https:\/\/kaicollection.info\/wp-content\/uploads\/2025\/05\/retrilogyu.jpg","contentUrl":"https:\/\/kaicollection.info\/wp-content\/uploads\/2025\/05\/retrilogyu.jpg","width":550,"height":825},{"@type":"BreadcrumbList","@id":"https:\/\/kaicollection.info\/producto\/resident-evil-remake-trilogy2-3-y-4\/#breadcrumb","itemListElement":[{"@type":"ListItem","position":1,"name":"Home","item":"https:\/\/kaicollection.info\/"},{"@type":"ListItem","position":2,"name":"Shop","item":"https:\/\/kaicollection.info\/shop\/"},{"@type":"ListItem","position":3,"name":"Resident Evil Remake Trilogy(2, 3 y 4)"}]},{"@type":"WebSite","@id":"https:\/\/kaicollection.info\/#website","url":"https:\/\/kaicollection.info\/","name":"kaicollection.info","description":"","publisher":{"@id":"https:\/\/kaicollection.info\/#organization"},"potentialAction":[{"@type":"SearchAction","target":{"@type":"EntryPoint","urlTemplate":"https:\/\/kaicollection.info\/?s={search_term_string}"},"query-input":{"@type":"PropertyValueSpecification","valueRequired":true,"valueName":"search_term_string"}}],"inLanguage":"en-US"},{"@type":"Organization","@id":"https:\/\/kaicollection.info\/#organization","name":"kaicollection.info","url":"https:\/\/kaicollection.info\/","logo":{"@type":"ImageObject","inLanguage":"en-US","@id":"https:\/\/kaicollection.info\/#\/schema\/logo\/image\/","url":"https:\/\/kaicollection.info\/wp-content\/uploads\/2025\/01\/Diseno-sin-titulo-31.png","contentUrl":"https:\/\/kaicollection.info\/wp-content\/uploads\/2025\/01\/Diseno-sin-titulo-31.png","width":2440,"height":1397,"caption":"kaicollection.info"},"image":{"@id":"https:\/\/kaicollection.info\/#\/schema\/logo\/image\/"}}]}},"_links":{"self":[{"href":"https:\/\/kaicollection.info\/en\/wp-json\/wp\/v2\/product\/3153","targetHints":{"allow":["GET"]}}],"collection":[{"href":"https:\/\/kaicollection.info\/en\/wp-json\/wp\/v2\/product"}],"about":[{"href":"https:\/\/kaicollection.info\/en\/wp-json\/wp\/v2\/types\/product"}],"replies":[{"embeddable":true,"href":"https:\/\/kaicollection.info\/en\/wp-json\/wp\/v2\/comments?post=3153"}],"wp:featuredmedia":[{"embeddable":true,"href":"https:\/\/kaicollection.info\/en\/wp-json\/wp\/v2\/media\/3154"}],"wp:attachment":[{"href":"https:\/\/kaicollection.info\/en\/wp-json\/wp\/v2\/media?parent=3153"}],"wp:term":[{"taxonomy":"product_brand","embeddable":true,"href":"https:\/\/kaicollection.info\/en\/wp-json\/wp\/v2\/product_brand?post=3153"},{"taxonomy":"product_cat","embeddable":true,"href":"https:\/\/kaicollection.info\/en\/wp-json\/wp\/v2\/product_cat?post=3153"},{"taxonomy":"product_tag","embeddable":true,"href":"https:\/\/kaicollection.info\/en\/wp-json\/wp\/v2\/product_tag?post=3153"}],"curies":[{"name":"wp","href":"https:\/\/api.w.org\/{rel}","templated":true}]}}